{"id":5694,"date":"2026-04-12T08:42:31","date_gmt":"2026-04-12T00:42:31","guid":{"rendered":"https:\/\/rxpulxy.com\/?post_type=product&#038;p=5694"},"modified":"2026-04-12T08:42:31","modified_gmt":"2026-04-12T00:42:31","slug":"nouvel-anneau-de-bite-double-controle-par-application-avec-anneau-de-verrouillage-vibrant-du-scrotum-pour-retarder-lactivite-masculine-et-ameliorer-lendurance","status":"publish","type":"product","link":"https:\/\/rxpulxy.com\/fr\/product\/nouvel-anneau-de-bite-double-controle-par-application-avec-anneau-de-verrouillage-vibrant-du-scrotum-pour-retarder-lactivite-masculine-et-ameliorer-lendurance\/","title":{"rendered":"Nouvel anneau de bite double contr\u00f4l\u00e9 par application et chauffant - Anneau de verrouillage vibrant du scrotum et du p\u00e9nis pour retarder l'activit\u00e9 masculine et renforcer l'endurance"},"content":{"rendered":"<p><img fetchpriority=\"high\" decoding=\"async\" class=\"alignnone size-full wp-image-5706\" src=\"https:\/\/rxpulxy.com\/wp-content\/uploads\/2026\/04\/1-25.jpg\" alt=\"\" width=\"800\" height=\"800\" srcset=\"https:\/\/rxpulxy.com\/wp-content\/uploads\/2026\/04\/1-25.jpg 800w, https:\/\/rxpulxy.com\/wp-content\/uploads\/2026\/04\/1-25-300x300.jpg 300w, https:\/\/rxpulxy.com\/wp-content\/uploads\/2026\/04\/1-25-150x150.jpg 150w, https:\/\/rxpulxy.com\/wp-content\/uploads\/2026\/04\/1-25-768x768.jpg 768w, https:\/\/rxpulxy.com\/wp-content\/uploads\/2026\/04\/1-25-12x12.jpg 12w, https:\/\/rxpulxy.com\/wp-content\/uploads\/2026\/04\/1-25-600x600.jpg 600w, https:\/\/rxpulxy.com\/wp-content\/uploads\/2026\/04\/1-25-100x100.jpg 100w\" sizes=\"(max-width: 800px) 100vw, 800px\" \/> <img decoding=\"async\" class=\"alignnone size-full wp-image-5707\" src=\"https:\/\/rxpulxy.com\/wp-content\/uploads\/2026\/04\/2-20.jpg\" alt=\"\" width=\"800\" height=\"800\" srcset=\"https:\/\/rxpulxy.com\/wp-content\/uploads\/2026\/04\/2-20.jpg 800w, https:\/\/rxpulxy.com\/wp-content\/uploads\/2026\/04\/2-20-300x300.jpg 300w, https:\/\/rxpulxy.com\/wp-content\/uploads\/2026\/04\/2-20-150x150.jpg 150w, https:\/\/rxpulxy.com\/wp-content\/uploads\/2026\/04\/2-20-768x768.jpg 768w, https:\/\/rxpulxy.com\/wp-content\/uploads\/2026\/04\/2-20-12x12.jpg 12w, https:\/\/rxpulxy.com\/wp-content\/uploads\/2026\/04\/2-20-600x600.jpg 600w, https:\/\/rxpulxy.com\/wp-content\/uploads\/2026\/04\/2-20-100x100.jpg 100w\" sizes=\"(max-width: 800px) 100vw, 800px\" \/> \u00a0\u00a0<img decoding=\"async\" class=\"alignnone size-full wp-image-5697\" src=\"https:\/\/rxpulxy.com\/wp-content\/uploads\/2026\/04\/3-21.jpg\" alt=\"\" width=\"800\" height=\"800\" srcset=\"https:\/\/rxpulxy.com\/wp-content\/uploads\/2026\/04\/3-21.jpg 800w, https:\/\/rxpulxy.com\/wp-content\/uploads\/2026\/04\/3-21-300x300.jpg 300w, https:\/\/rxpulxy.com\/wp-content\/uploads\/2026\/04\/3-21-150x150.jpg 150w, https:\/\/rxpulxy.com\/wp-content\/uploads\/2026\/04\/3-21-768x768.jpg 768w, https:\/\/rxpulxy.com\/wp-content\/uploads\/2026\/04\/3-21-12x12.jpg 12w, https:\/\/rxpulxy.com\/wp-content\/uploads\/2026\/04\/3-21-600x600.jpg 600w, https:\/\/rxpulxy.com\/wp-content\/uploads\/2026\/04\/3-21-100x100.jpg 100w\" sizes=\"(max-width: 800px) 100vw, 800px\" \/> <img loading=\"lazy\" decoding=\"async\" class=\"alignnone size-full wp-image-5698\" src=\"https:\/\/rxpulxy.com\/wp-content\/uploads\/2026\/04\/4-22.jpg\" alt=\"\" width=\"800\" height=\"800\" srcset=\"https:\/\/rxpulxy.com\/wp-content\/uploads\/2026\/04\/4-22.jpg 800w, https:\/\/rxpulxy.com\/wp-content\/uploads\/2026\/04\/4-22-300x300.jpg 300w, https:\/\/rxpulxy.com\/wp-content\/uploads\/2026\/04\/4-22-150x150.jpg 150w, https:\/\/rxpulxy.com\/wp-content\/uploads\/2026\/04\/4-22-768x768.jpg 768w, https:\/\/rxpulxy.com\/wp-content\/uploads\/2026\/04\/4-22-12x12.jpg 12w, https:\/\/rxpulxy.com\/wp-content\/uploads\/2026\/04\/4-22-600x600.jpg 600w, https:\/\/rxpulxy.com\/wp-content\/uploads\/2026\/04\/4-22-100x100.jpg 100w\" sizes=\"(max-width: 800px) 100vw, 800px\" \/> <img loading=\"lazy\" decoding=\"async\" class=\"alignnone size-full wp-image-5699\" src=\"https:\/\/rxpulxy.com\/wp-content\/uploads\/2026\/04\/5-25.jpg\" alt=\"\" width=\"800\" height=\"800\" srcset=\"https:\/\/rxpulxy.com\/wp-content\/uploads\/2026\/04\/5-25.jpg 800w, https:\/\/rxpulxy.com\/wp-content\/uploads\/2026\/04\/5-25-300x300.jpg 300w, https:\/\/rxpulxy.com\/wp-content\/uploads\/2026\/04\/5-25-150x150.jpg 150w, https:\/\/rxpulxy.com\/wp-content\/uploads\/2026\/04\/5-25-768x768.jpg 768w, https:\/\/rxpulxy.com\/wp-content\/uploads\/2026\/04\/5-25-12x12.jpg 12w, https:\/\/rxpulxy.com\/wp-content\/uploads\/2026\/04\/5-25-600x600.jpg 600w, https:\/\/rxpulxy.com\/wp-content\/uploads\/2026\/04\/5-25-100x100.jpg 100w\" sizes=\"(max-width: 800px) 100vw, 800px\" \/> <img loading=\"lazy\" decoding=\"async\" class=\"alignnone  wp-image-5702\" src=\"https:\/\/rxpulxy.com\/wp-content\/uploads\/2026\/04\/8-9.jpg\" alt=\"\" width=\"804\" height=\"804\" srcset=\"https:\/\/rxpulxy.com\/wp-content\/uploads\/2026\/04\/8-9.jpg 1000w, https:\/\/rxpulxy.com\/wp-content\/uploads\/2026\/04\/8-9-300x300.jpg 300w, https:\/\/rxpulxy.com\/wp-content\/uploads\/2026\/04\/8-9-150x150.jpg 150w, https:\/\/rxpulxy.com\/wp-content\/uploads\/2026\/04\/8-9-768x768.jpg 768w, https:\/\/rxpulxy.com\/wp-content\/uploads\/2026\/04\/8-9-12x12.jpg 12w, https:\/\/rxpulxy.com\/wp-content\/uploads\/2026\/04\/8-9-600x600.jpg 600w, https:\/\/rxpulxy.com\/wp-content\/uploads\/2026\/04\/8-9-100x100.jpg 100w\" sizes=\"(max-width: 804px) 100vw, 804px\" \/> <img loading=\"lazy\" decoding=\"async\" class=\"alignnone  wp-image-5703\" src=\"https:\/\/rxpulxy.com\/wp-content\/uploads\/2026\/04\/9-8.jpg\" alt=\"\" width=\"810\" height=\"810\" srcset=\"https:\/\/rxpulxy.com\/wp-content\/uploads\/2026\/04\/9-8.jpg 1000w, https:\/\/rxpulxy.com\/wp-content\/uploads\/2026\/04\/9-8-300x300.jpg 300w, https:\/\/rxpulxy.com\/wp-content\/uploads\/2026\/04\/9-8-150x150.jpg 150w, https:\/\/rxpulxy.com\/wp-content\/uploads\/2026\/04\/9-8-768x768.jpg 768w, https:\/\/rxpulxy.com\/wp-content\/uploads\/2026\/04\/9-8-12x12.jpg 12w, https:\/\/rxpulxy.com\/wp-content\/uploads\/2026\/04\/9-8-600x600.jpg 600w, https:\/\/rxpulxy.com\/wp-content\/uploads\/2026\/04\/9-8-100x100.jpg 100w\" sizes=\"(max-width: 810px) 100vw, 810px\" \/> <img loading=\"lazy\" decoding=\"async\" class=\"alignnone  wp-image-5704\" src=\"https:\/\/rxpulxy.com\/wp-content\/uploads\/2026\/04\/10-6.jpg\" alt=\"\" width=\"813\" height=\"813\" srcset=\"https:\/\/rxpulxy.com\/wp-content\/uploads\/2026\/04\/10-6.jpg 1000w, https:\/\/rxpulxy.com\/wp-content\/uploads\/2026\/04\/10-6-300x300.jpg 300w, https:\/\/rxpulxy.com\/wp-content\/uploads\/2026\/04\/10-6-150x150.jpg 150w, https:\/\/rxpulxy.com\/wp-content\/uploads\/2026\/04\/10-6-768x768.jpg 768w, https:\/\/rxpulxy.com\/wp-content\/uploads\/2026\/04\/10-6-12x12.jpg 12w, https:\/\/rxpulxy.com\/wp-content\/uploads\/2026\/04\/10-6-600x600.jpg 600w, https:\/\/rxpulxy.com\/wp-content\/uploads\/2026\/04\/10-6-100x100.jpg 100w\" sizes=\"(max-width: 813px) 100vw, 813px\" \/><\/p>","protected":false},"excerpt":{"rendered":"<p>\u00a0\u00a0<\/p>","protected":false},"featured_media":5705,"comment_status":"open","ping_status":"closed","template":"","meta":[],"product_brand":[],"product_cat":[42],"product_tag":[],"class_list":{"0":"post-5694","1":"product","2":"type-product","3":"status-publish","4":"has-post-thumbnail","6":"product_cat-cock-ring","8":"first","9":"instock","10":"shipping-taxable","11":"product-type-simple"},"_links":{"self":[{"href":"https:\/\/rxpulxy.com\/fr\/wp-json\/wp\/v2\/product\/5694","targetHints":{"allow":["GET"]}}],"collection":[{"href":"https:\/\/rxpulxy.com\/fr\/wp-json\/wp\/v2\/product"}],"about":[{"href":"https:\/\/rxpulxy.com\/fr\/wp-json\/wp\/v2\/types\/product"}],"replies":[{"embeddable":true,"href":"https:\/\/rxpulxy.com\/fr\/wp-json\/wp\/v2\/comments?post=5694"}],"wp:featuredmedia":[{"embeddable":true,"href":"https:\/\/rxpulxy.com\/fr\/wp-json\/wp\/v2\/media\/5705"}],"wp:attachment":[{"href":"https:\/\/rxpulxy.com\/fr\/wp-json\/wp\/v2\/media?parent=5694"}],"wp:term":[{"taxonomy":"product_brand","embeddable":true,"href":"https:\/\/rxpulxy.com\/fr\/wp-json\/wp\/v2\/product_brand?post=5694"},{"taxonomy":"product_cat","embeddable":true,"href":"https:\/\/rxpulxy.com\/fr\/wp-json\/wp\/v2\/product_cat?post=5694"},{"taxonomy":"product_tag","embeddable":true,"href":"https:\/\/rxpulxy.com\/fr\/wp-json\/wp\/v2\/product_tag?post=5694"}],"curies":[{"name":"wp","href":"https:\/\/api.w.org\/{rel}","templated":true}]}}