{"id":5475,"date":"2026-04-04T08:09:28","date_gmt":"2026-04-04T00:09:28","guid":{"rendered":"https:\/\/rxpulxy.com\/?post_type=product&#038;p=5475"},"modified":"2026-04-04T08:09:28","modified_gmt":"2026-04-04T00:09:28","slug":"handheld-10-speed-vibrating-g-spot-vaginal-massager-adult-sex-toy-for-women","status":"publish","type":"product","link":"https:\/\/rxpulxy.com\/fr\/product\/handheld-10-speed-vibrating-g-spot-vaginal-massager-adult-sex-toy-for-women\/","title":{"rendered":"Handheld 10-Speed Vibrating G-Spot &#038; Vaginal Massager Adult Sex Toy for Women"},"content":{"rendered":"<h5>Mat\u00e9riau : ABS+silicone alimentaire<\/h5>\n<h5>Couleur : violet\/rose rouge\/vert<\/h5>\n<h5>Taille : 214*38*60mm<\/h5>\n<h5>Fonction : Vibration de la t\u00eate \u00e0 10 fr\u00e9quences + Vibration de la t\u00eate du lapin \u00e0 10 fr\u00e9quences<\/h5>\n<h5>Poids net : 162g<\/h5>\n<h5>Poids de l'emballage : 207g<\/h5>\n<h5>Dimensions de l'emballage : 215*85*35mm<\/h5>\n<h5>Temps de charge : 90 minutes<\/h5>\n<h5>Dur\u00e9e d'utilisation : 60 minutes<\/h5>\n<h5>M\u00e9thode de chargement : DC 5V<\/h5>\n<h5>Bruit : \u226440dp<\/h5>\n<h5>Degr\u00e9 d'\u00e9tanch\u00e9it\u00e9 : IPX6<\/h5>\n<h5>Alimentation : 3.7V\/300mah<\/h5>\n<h5 data-path-to-node=\"21\"><span style=\"color: #ff6600;\"><b data-path-to-node=\"21\" data-index-in-node=\"0\">Soutien aux entreprises :<\/b><\/span><\/h5>\n<ul data-path-to-node=\"22\">\n<li>\n<h5 data-path-to-node=\"22,0,0\"><span style=\"color: #ff6600;\"><b data-path-to-node=\"22,0,0\" data-index-in-node=\"0\">MOQ :<\/b>\u00a0Faible MOQ pour les commandes d'essai.<\/span><\/h5>\n<\/li>\n<li>\n<h5 data-path-to-node=\"22,1,0\"><span style=\"color: #ff6600;\"><b data-path-to-node=\"22,1,0\" data-index-in-node=\"0\">OEM\/ODM :<\/b>\u00a0Marquage priv\u00e9 et options de couleurs personnalis\u00e9es.<\/span><\/h5>\n<\/li>\n<li>\n<h5 data-path-to-node=\"22,2,0\"><span style=\"color: #ff6600;\"><b data-path-to-node=\"22,2,0\" data-index-in-node=\"0\">Exp\u00e9dition :<\/b>\u00a0Livraison discr\u00e8te dans le monde entier (dropshipping)<\/span><\/h5>\n<\/li>\n<\/ul>\n<p>&nbsp;<\/p>\n<p><img decoding=\"async\" class=\"alignnone size-trp-custom-language-flag wp-image-5477\" src=\"https:\/\/rxpulxy.com\/wp-content\/uploads\/2026\/04\/1-7-12x12.jpg\" alt=\"\" width=\"12\" height=\"12\" srcset=\"https:\/\/rxpulxy.com\/wp-content\/uploads\/2026\/04\/1-7-12x12.jpg 12w, https:\/\/rxpulxy.com\/wp-content\/uploads\/2026\/04\/1-7-300x300.jpg 300w, https:\/\/rxpulxy.com\/wp-content\/uploads\/2026\/04\/1-7-150x150.jpg 150w, https:\/\/rxpulxy.com\/wp-content\/uploads\/2026\/04\/1-7-600x600.jpg 600w, https:\/\/rxpulxy.com\/wp-content\/uploads\/2026\/04\/1-7-100x100.jpg 100w, https:\/\/rxpulxy.com\/wp-content\/uploads\/2026\/04\/1-7.jpg 720w\" sizes=\"(max-width: 12px) 100vw, 12px\" \/> <img fetchpriority=\"high\" decoding=\"async\" class=\"alignnone size-full wp-image-5478\" src=\"https:\/\/rxpulxy.com\/wp-content\/uploads\/2026\/04\/2-7.jpg\" alt=\"\" width=\"720\" height=\"720\" srcset=\"https:\/\/rxpulxy.com\/wp-content\/uploads\/2026\/04\/2-7.jpg 720w, https:\/\/rxpulxy.com\/wp-content\/uploads\/2026\/04\/2-7-300x300.jpg 300w, https:\/\/rxpulxy.com\/wp-content\/uploads\/2026\/04\/2-7-150x150.jpg 150w, https:\/\/rxpulxy.com\/wp-content\/uploads\/2026\/04\/2-7-12x12.jpg 12w, https:\/\/rxpulxy.com\/wp-content\/uploads\/2026\/04\/2-7-600x600.jpg 600w, https:\/\/rxpulxy.com\/wp-content\/uploads\/2026\/04\/2-7-100x100.jpg 100w\" sizes=\"(max-width: 720px) 100vw, 720px\" \/> <img decoding=\"async\" class=\"alignnone size-full wp-image-5479\" src=\"https:\/\/rxpulxy.com\/wp-content\/uploads\/2026\/04\/3-7.jpg\" alt=\"\" width=\"720\" height=\"720\" srcset=\"https:\/\/rxpulxy.com\/wp-content\/uploads\/2026\/04\/3-7.jpg 720w, https:\/\/rxpulxy.com\/wp-content\/uploads\/2026\/04\/3-7-300x300.jpg 300w, https:\/\/rxpulxy.com\/wp-content\/uploads\/2026\/04\/3-7-150x150.jpg 150w, https:\/\/rxpulxy.com\/wp-content\/uploads\/2026\/04\/3-7-12x12.jpg 12w, https:\/\/rxpulxy.com\/wp-content\/uploads\/2026\/04\/3-7-600x600.jpg 600w, https:\/\/rxpulxy.com\/wp-content\/uploads\/2026\/04\/3-7-100x100.jpg 100w\" sizes=\"(max-width: 720px) 100vw, 720px\" \/> <img loading=\"lazy\" decoding=\"async\" class=\"alignnone size-full wp-image-5480\" src=\"https:\/\/rxpulxy.com\/wp-content\/uploads\/2026\/04\/4-7.jpg\" alt=\"\" width=\"720\" height=\"720\" srcset=\"https:\/\/rxpulxy.com\/wp-content\/uploads\/2026\/04\/4-7.jpg 720w, https:\/\/rxpulxy.com\/wp-content\/uploads\/2026\/04\/4-7-300x300.jpg 300w, https:\/\/rxpulxy.com\/wp-content\/uploads\/2026\/04\/4-7-150x150.jpg 150w, https:\/\/rxpulxy.com\/wp-content\/uploads\/2026\/04\/4-7-12x12.jpg 12w, https:\/\/rxpulxy.com\/wp-content\/uploads\/2026\/04\/4-7-600x600.jpg 600w, https:\/\/rxpulxy.com\/wp-content\/uploads\/2026\/04\/4-7-100x100.jpg 100w\" sizes=\"(max-width: 720px) 100vw, 720px\" \/> <img loading=\"lazy\" decoding=\"async\" class=\"alignnone size-full wp-image-5481\" src=\"https:\/\/rxpulxy.com\/wp-content\/uploads\/2026\/04\/5-9.jpg\" alt=\"\" width=\"720\" height=\"720\" srcset=\"https:\/\/rxpulxy.com\/wp-content\/uploads\/2026\/04\/5-9.jpg 720w, https:\/\/rxpulxy.com\/wp-content\/uploads\/2026\/04\/5-9-300x300.jpg 300w, https:\/\/rxpulxy.com\/wp-content\/uploads\/2026\/04\/5-9-150x150.jpg 150w, https:\/\/rxpulxy.com\/wp-content\/uploads\/2026\/04\/5-9-12x12.jpg 12w, https:\/\/rxpulxy.com\/wp-content\/uploads\/2026\/04\/5-9-600x600.jpg 600w, https:\/\/rxpulxy.com\/wp-content\/uploads\/2026\/04\/5-9-100x100.jpg 100w\" sizes=\"(max-width: 720px) 100vw, 720px\" \/> <img loading=\"lazy\" decoding=\"async\" class=\"alignnone size-full wp-image-5482\" src=\"https:\/\/rxpulxy.com\/wp-content\/uploads\/2026\/04\/6-4.jpg\" alt=\"\" width=\"720\" height=\"720\" srcset=\"https:\/\/rxpulxy.com\/wp-content\/uploads\/2026\/04\/6-4.jpg 720w, https:\/\/rxpulxy.com\/wp-content\/uploads\/2026\/04\/6-4-300x300.jpg 300w, https:\/\/rxpulxy.com\/wp-content\/uploads\/2026\/04\/6-4-150x150.jpg 150w, https:\/\/rxpulxy.com\/wp-content\/uploads\/2026\/04\/6-4-12x12.jpg 12w, https:\/\/rxpulxy.com\/wp-content\/uploads\/2026\/04\/6-4-600x600.jpg 600w, https:\/\/rxpulxy.com\/wp-content\/uploads\/2026\/04\/6-4-100x100.jpg 100w\" sizes=\"(max-width: 720px) 100vw, 720px\" \/><\/p>\n<p>&nbsp;<\/p>","protected":false},"excerpt":{"rendered":"<p>Material: ABS+food grade silicone Color: purple\/rose red\/green Size: 214*38*60mm Function: 10 frequency vibration of head + 10 frequency vibration of&#8230;<\/p>","protected":false},"featured_media":5476,"comment_status":"open","ping_status":"closed","template":"","meta":[],"product_brand":[],"product_cat":[39],"product_tag":[],"class_list":{"0":"post-5475","1":"product","2":"type-product","3":"status-publish","4":"has-post-thumbnail","6":"product_cat-vibrator","8":"first","9":"instock","10":"shipping-taxable","11":"product-type-simple"},"_links":{"self":[{"href":"https:\/\/rxpulxy.com\/fr\/wp-json\/wp\/v2\/product\/5475","targetHints":{"allow":["GET"]}}],"collection":[{"href":"https:\/\/rxpulxy.com\/fr\/wp-json\/wp\/v2\/product"}],"about":[{"href":"https:\/\/rxpulxy.com\/fr\/wp-json\/wp\/v2\/types\/product"}],"replies":[{"embeddable":true,"href":"https:\/\/rxpulxy.com\/fr\/wp-json\/wp\/v2\/comments?post=5475"}],"wp:featuredmedia":[{"embeddable":true,"href":"https:\/\/rxpulxy.com\/fr\/wp-json\/wp\/v2\/media\/5476"}],"wp:attachment":[{"href":"https:\/\/rxpulxy.com\/fr\/wp-json\/wp\/v2\/media?parent=5475"}],"wp:term":[{"taxonomy":"product_brand","embeddable":true,"href":"https:\/\/rxpulxy.com\/fr\/wp-json\/wp\/v2\/product_brand?post=5475"},{"taxonomy":"product_cat","embeddable":true,"href":"https:\/\/rxpulxy.com\/fr\/wp-json\/wp\/v2\/product_cat?post=5475"},{"taxonomy":"product_tag","embeddable":true,"href":"https:\/\/rxpulxy.com\/fr\/wp-json\/wp\/v2\/product_tag?post=5475"}],"curies":[{"name":"wp","href":"https:\/\/api.w.org\/{rel}","templated":true}]}}