{"id":5267,"date":"2026-03-28T20:55:22","date_gmt":"2026-03-28T12:55:22","guid":{"rendered":"https:\/\/rxpulxy.com\/?post_type=product&#038;p=5267"},"modified":"2026-03-28T20:55:22","modified_gmt":"2026-03-28T12:55:22","slug":"vibrateur-de-point-g-a-double-stimulation-avec-base-a-ventouse-solide-vibromasseur-de-lapin-a-10-frequences-jouet-sexuel-adulte-etanche-pour-femmes","status":"publish","type":"product","link":"https:\/\/rxpulxy.com\/fr\/product\/vibrateur-de-point-g-a-double-stimulation-avec-base-a-ventouse-solide-vibromasseur-de-lapin-a-10-frequences-jouet-sexuel-adulte-etanche-pour-femmes\/","title":{"rendered":"Factory Direct - Vibrateur point G \u00e0 double stimulation avec base \u00e0 ventouse solide, baguette de lapin vibrante \u00e0 10 fr\u00e9quences, jouet sexuel adulte \u00e9tanche pour femmes"},"content":{"rendered":"<h5>Mat\u00e9riau : ABS+silicone alimentaire<\/h5>\n<h5>Couleur : violet\/rouge ros\u00e9<\/h5>\n<h5>Taille : 231*41*36mm<\/h5>\n<h5>Fonction : Vibration de la t\u00eate \u00e0 10 fr\u00e9quences<\/h5>\n<h5>Poids net : 215g<\/h5>\n<div>\n<h5>Poids de l'emballage : 267g<\/h5>\n<h5>Package dimensions:205*100*40mm<\/h5>\n<h5>Temps de charge : 100 minutes<\/h5>\n<h5>Dur\u00e9e d'utilisation : 90 minutes<\/h5>\n<h5>M\u00e9thode de chargement : DC 5V<\/h5>\n<h5>Bruit : \u226440dp<\/h5>\n<h5>Degr\u00e9 d'\u00e9tanch\u00e9it\u00e9 : IPX6<\/h5>\n<h5>Alimentation : 3.7V\/400mah<\/h5>\n<\/div>\n<div><\/div>\n<div>\n<h4 data-path-to-node=\"21\"><span style=\"color: #ff9900;\"><b data-path-to-node=\"21\" data-index-in-node=\"0\">Soutien aux entreprises :<\/b><\/span><\/h4>\n<ul data-path-to-node=\"22\">\n<li>\n<h4 data-path-to-node=\"22,0,0\"><span style=\"color: #ff9900;\"><b data-path-to-node=\"22,0,0\" data-index-in-node=\"0\">MOQ :<\/b>\u00a0Faible MOQ pour les commandes d'essai.<\/span><\/h4>\n<\/li>\n<li>\n<h4 data-path-to-node=\"22,1,0\"><span style=\"color: #ff9900;\"><b data-path-to-node=\"22,1,0\" data-index-in-node=\"0\">OEM\/ODM :<\/b>\u00a0Marquage priv\u00e9 et options de couleurs personnalis\u00e9es.<\/span><\/h4>\n<\/li>\n<li>\n<h4 data-path-to-node=\"22,2,0\"><span style=\"color: #ff9900;\"><b data-path-to-node=\"22,2,0\" data-index-in-node=\"0\">Exp\u00e9dition :<\/b>\u00a0Possibilit\u00e9 de dropshipping discret dans le monde entier.<\/span><\/h4>\n<\/li>\n<\/ul>\n<\/div>\n<p><img fetchpriority=\"high\" decoding=\"async\" class=\"alignnone size-full wp-image-5268\" src=\"https:\/\/rxpulxy.com\/wp-content\/uploads\/2026\/03\/1-21.jpg\" alt=\"\" width=\"720\" height=\"720\" srcset=\"https:\/\/rxpulxy.com\/wp-content\/uploads\/2026\/03\/1-21.jpg 720w, https:\/\/rxpulxy.com\/wp-content\/uploads\/2026\/03\/1-21-300x300.jpg 300w, https:\/\/rxpulxy.com\/wp-content\/uploads\/2026\/03\/1-21-150x150.jpg 150w, https:\/\/rxpulxy.com\/wp-content\/uploads\/2026\/03\/1-21-600x600.jpg 600w, https:\/\/rxpulxy.com\/wp-content\/uploads\/2026\/03\/1-21-100x100.jpg 100w\" sizes=\"(max-width: 720px) 100vw, 720px\" \/> <img decoding=\"async\" class=\"alignnone wp-image-5270\" src=\"https:\/\/rxpulxy.com\/wp-content\/uploads\/2026\/03\/2-20.jpg\" alt=\"\" width=\"845\" height=\"845\" srcset=\"https:\/\/rxpulxy.com\/wp-content\/uploads\/2026\/03\/2-20.jpg 720w, https:\/\/rxpulxy.com\/wp-content\/uploads\/2026\/03\/2-20-300x300.jpg 300w, https:\/\/rxpulxy.com\/wp-content\/uploads\/2026\/03\/2-20-150x150.jpg 150w, https:\/\/rxpulxy.com\/wp-content\/uploads\/2026\/03\/2-20-600x600.jpg 600w, https:\/\/rxpulxy.com\/wp-content\/uploads\/2026\/03\/2-20-100x100.jpg 100w\" sizes=\"(max-width: 845px) 100vw, 845px\" \/> <img decoding=\"async\" class=\"alignnone size-full wp-image-5274\" src=\"https:\/\/rxpulxy.com\/wp-content\/uploads\/2026\/03\/6-16.jpg\" alt=\"\" width=\"720\" height=\"720\" srcset=\"https:\/\/rxpulxy.com\/wp-content\/uploads\/2026\/03\/6-16.jpg 720w, https:\/\/rxpulxy.com\/wp-content\/uploads\/2026\/03\/6-16-300x300.jpg 300w, https:\/\/rxpulxy.com\/wp-content\/uploads\/2026\/03\/6-16-150x150.jpg 150w, https:\/\/rxpulxy.com\/wp-content\/uploads\/2026\/03\/6-16-600x600.jpg 600w, https:\/\/rxpulxy.com\/wp-content\/uploads\/2026\/03\/6-16-100x100.jpg 100w\" sizes=\"(max-width: 720px) 100vw, 720px\" \/> <img loading=\"lazy\" decoding=\"async\" class=\"alignnone wp-image-5271\" src=\"https:\/\/rxpulxy.com\/wp-content\/uploads\/2026\/03\/3-20.jpg\" alt=\"\" width=\"862\" height=\"862\" srcset=\"https:\/\/rxpulxy.com\/wp-content\/uploads\/2026\/03\/3-20.jpg 720w, https:\/\/rxpulxy.com\/wp-content\/uploads\/2026\/03\/3-20-300x300.jpg 300w, https:\/\/rxpulxy.com\/wp-content\/uploads\/2026\/03\/3-20-150x150.jpg 150w, https:\/\/rxpulxy.com\/wp-content\/uploads\/2026\/03\/3-20-600x600.jpg 600w, https:\/\/rxpulxy.com\/wp-content\/uploads\/2026\/03\/3-20-100x100.jpg 100w\" sizes=\"(max-width: 862px) 100vw, 862px\" \/> <img loading=\"lazy\" decoding=\"async\" class=\"alignnone size-full wp-image-5273\" src=\"https:\/\/rxpulxy.com\/wp-content\/uploads\/2026\/03\/5-22.jpg\" alt=\"\" width=\"720\" height=\"720\" srcset=\"https:\/\/rxpulxy.com\/wp-content\/uploads\/2026\/03\/5-22.jpg 720w, https:\/\/rxpulxy.com\/wp-content\/uploads\/2026\/03\/5-22-300x300.jpg 300w, https:\/\/rxpulxy.com\/wp-content\/uploads\/2026\/03\/5-22-150x150.jpg 150w, https:\/\/rxpulxy.com\/wp-content\/uploads\/2026\/03\/5-22-600x600.jpg 600w, https:\/\/rxpulxy.com\/wp-content\/uploads\/2026\/03\/5-22-100x100.jpg 100w\" sizes=\"(max-width: 720px) 100vw, 720px\" \/> <img loading=\"lazy\" decoding=\"async\" class=\"alignnone wp-image-5272\" src=\"https:\/\/rxpulxy.com\/wp-content\/uploads\/2026\/03\/4-19.jpg\" alt=\"\" width=\"877\" height=\"877\" srcset=\"https:\/\/rxpulxy.com\/wp-content\/uploads\/2026\/03\/4-19.jpg 720w, https:\/\/rxpulxy.com\/wp-content\/uploads\/2026\/03\/4-19-300x300.jpg 300w, https:\/\/rxpulxy.com\/wp-content\/uploads\/2026\/03\/4-19-150x150.jpg 150w, https:\/\/rxpulxy.com\/wp-content\/uploads\/2026\/03\/4-19-600x600.jpg 600w, https:\/\/rxpulxy.com\/wp-content\/uploads\/2026\/03\/4-19-100x100.jpg 100w\" sizes=\"(max-width: 877px) 100vw, 877px\" \/><\/p>","protected":false},"excerpt":{"rendered":"<p>Material: ABS+food grade silicone Color: purple\/rose red Size: 231*41*36mm Function: Head 10-frequency vibration Net weight: 215g Package weight: 267g Package&#8230;<\/p>","protected":false},"featured_media":5268,"comment_status":"open","ping_status":"closed","template":"","meta":[],"product_brand":[],"product_cat":[39],"product_tag":[],"class_list":{"0":"post-5267","1":"product","2":"type-product","3":"status-publish","4":"has-post-thumbnail","6":"product_cat-vibrator","8":"first","9":"instock","10":"shipping-taxable","11":"product-type-simple"},"_links":{"self":[{"href":"https:\/\/rxpulxy.com\/fr\/wp-json\/wp\/v2\/product\/5267","targetHints":{"allow":["GET"]}}],"collection":[{"href":"https:\/\/rxpulxy.com\/fr\/wp-json\/wp\/v2\/product"}],"about":[{"href":"https:\/\/rxpulxy.com\/fr\/wp-json\/wp\/v2\/types\/product"}],"replies":[{"embeddable":true,"href":"https:\/\/rxpulxy.com\/fr\/wp-json\/wp\/v2\/comments?post=5267"}],"wp:featuredmedia":[{"embeddable":true,"href":"https:\/\/rxpulxy.com\/fr\/wp-json\/wp\/v2\/media\/5268"}],"wp:attachment":[{"href":"https:\/\/rxpulxy.com\/fr\/wp-json\/wp\/v2\/media?parent=5267"}],"wp:term":[{"taxonomy":"product_brand","embeddable":true,"href":"https:\/\/rxpulxy.com\/fr\/wp-json\/wp\/v2\/product_brand?post=5267"},{"taxonomy":"product_cat","embeddable":true,"href":"https:\/\/rxpulxy.com\/fr\/wp-json\/wp\/v2\/product_cat?post=5267"},{"taxonomy":"product_tag","embeddable":true,"href":"https:\/\/rxpulxy.com\/fr\/wp-json\/wp\/v2\/product_tag?post=5267"}],"curies":[{"name":"wp","href":"https:\/\/api.w.org\/{rel}","templated":true}]}}