{"id":5247,"date":"2026-03-28T17:57:01","date_gmt":"2026-03-28T09:57:01","guid":{"rendered":"https:\/\/rxpulxy.com\/?post_type=product&#038;p=5247"},"modified":"2026-03-28T17:57:01","modified_gmt":"2026-03-28T09:57:01","slug":"rose-sucking-vibrator-for-women-multi-frequency-clitoral-suction-g-spot-stimulation-waterproof-adult-sex-toy-for-female-pleasure","status":"publish","type":"product","link":"https:\/\/rxpulxy.com\/fr\/product\/rose-sucking-vibrator-for-women-multi-frequency-clitoral-suction-g-spot-stimulation-waterproof-adult-sex-toy-for-female-pleasure\/","title":{"rendered":"Vibrateur \u00e0 succion pour femmes - Aspiration clitoridienne multifr\u00e9quence et stimulation du point G, jouet sexuel pour adultes, \u00e9tanche, pour le plaisir f\u00e9minin."},"content":{"rendered":"<h5>Mat\u00e9riau : ABS+silicone alimentaire<\/h5>\n<h5>Couleur : violet\/rouge ros\u00e9<\/h5>\n<h5>Taille : 213*89*36.5mm<\/h5>\n<h5>Fonction : Vibration de la t\u00eate \u00e0 10 fr\u00e9quences \/ succion de la t\u00eate de lapin \u00e0 10 fr\u00e9quences<\/h5>\n<h5>Poids net : 197g<\/h5>\n<div>\n<h5>Poids de l'emballage : 240g<\/h5>\n<h5>Dimensions de l'emballage : 215*84*36mm<\/h5>\n<h5>Temps de charge : 65 minutes<\/h5>\n<h5>Dur\u00e9e d'utilisation : 120 minutes<\/h5>\n<h5>M\u00e9thode de chargement : DC 5V<\/h5>\n<h5>Bruit : \u226440dp<\/h5>\n<h5>Degr\u00e9 d'\u00e9tanch\u00e9it\u00e9 : IPX6<\/h5>\n<h5>Alimentation : 3.7V\/500mah<\/h5>\n<\/div>\n<h4 data-path-to-node=\"21\"><span style=\"color: #ff9900;\"><b data-path-to-node=\"21\" data-index-in-node=\"0\">Soutien aux entreprises :<\/b><\/span><\/h4>\n<ul data-path-to-node=\"22\">\n<li>\n<h4 data-path-to-node=\"22,0,0\"><span style=\"color: #ff9900;\"><b data-path-to-node=\"22,0,0\" data-index-in-node=\"0\">MOQ :<\/b>\u00a0Faible MOQ pour les commandes d'essai.<\/span><\/h4>\n<\/li>\n<li>\n<h4 data-path-to-node=\"22,1,0\"><span style=\"color: #ff9900;\"><b data-path-to-node=\"22,1,0\" data-index-in-node=\"0\">OEM\/ODM :<\/b>\u00a0Marquage priv\u00e9 et options de couleurs personnalis\u00e9es.<\/span><\/h4>\n<\/li>\n<li>\n<h4 data-path-to-node=\"22,2,0\"><span style=\"color: #ff9900;\"><b data-path-to-node=\"22,2,0\" data-index-in-node=\"0\">Exp\u00e9dition :<\/b>\u00a0Possibilit\u00e9 de dropshipping discret dans le monde entier.<\/span><\/h4>\n<\/li>\n<\/ul>\n<p>&nbsp;<\/p>\n<p><img fetchpriority=\"high\" decoding=\"async\" class=\"alignnone size-full wp-image-5248\" src=\"https:\/\/rxpulxy.com\/wp-content\/uploads\/2026\/03\/O1CN01Sn6Wtu1Y2VRYxo5nH_2200814003001-0-cib.jpg\" alt=\"\" width=\"720\" height=\"720\" srcset=\"https:\/\/rxpulxy.com\/wp-content\/uploads\/2026\/03\/O1CN01Sn6Wtu1Y2VRYxo5nH_2200814003001-0-cib.jpg 720w, https:\/\/rxpulxy.com\/wp-content\/uploads\/2026\/03\/O1CN01Sn6Wtu1Y2VRYxo5nH_2200814003001-0-cib-300x300.jpg 300w, https:\/\/rxpulxy.com\/wp-content\/uploads\/2026\/03\/O1CN01Sn6Wtu1Y2VRYxo5nH_2200814003001-0-cib-150x150.jpg 150w, https:\/\/rxpulxy.com\/wp-content\/uploads\/2026\/03\/O1CN01Sn6Wtu1Y2VRYxo5nH_2200814003001-0-cib-600x600.jpg 600w, https:\/\/rxpulxy.com\/wp-content\/uploads\/2026\/03\/O1CN01Sn6Wtu1Y2VRYxo5nH_2200814003001-0-cib-100x100.jpg 100w\" sizes=\"(max-width: 720px) 100vw, 720px\" \/> <img decoding=\"async\" class=\"alignnone wp-image-5250\" src=\"https:\/\/rxpulxy.com\/wp-content\/uploads\/2026\/03\/2-18.jpg\" alt=\"\" width=\"861\" height=\"861\" srcset=\"https:\/\/rxpulxy.com\/wp-content\/uploads\/2026\/03\/2-18.jpg 720w, https:\/\/rxpulxy.com\/wp-content\/uploads\/2026\/03\/2-18-300x300.jpg 300w, https:\/\/rxpulxy.com\/wp-content\/uploads\/2026\/03\/2-18-150x150.jpg 150w, https:\/\/rxpulxy.com\/wp-content\/uploads\/2026\/03\/2-18-600x600.jpg 600w, https:\/\/rxpulxy.com\/wp-content\/uploads\/2026\/03\/2-18-100x100.jpg 100w\" sizes=\"(max-width: 861px) 100vw, 861px\" \/> <img decoding=\"async\" class=\"alignnone size-full wp-image-5251\" src=\"https:\/\/rxpulxy.com\/wp-content\/uploads\/2026\/03\/3-18.jpg\" alt=\"\" width=\"720\" height=\"720\" srcset=\"https:\/\/rxpulxy.com\/wp-content\/uploads\/2026\/03\/3-18.jpg 720w, https:\/\/rxpulxy.com\/wp-content\/uploads\/2026\/03\/3-18-300x300.jpg 300w, https:\/\/rxpulxy.com\/wp-content\/uploads\/2026\/03\/3-18-150x150.jpg 150w, https:\/\/rxpulxy.com\/wp-content\/uploads\/2026\/03\/3-18-600x600.jpg 600w, https:\/\/rxpulxy.com\/wp-content\/uploads\/2026\/03\/3-18-100x100.jpg 100w\" sizes=\"(max-width: 720px) 100vw, 720px\" \/> <img loading=\"lazy\" decoding=\"async\" class=\"alignnone wp-image-5252\" src=\"https:\/\/rxpulxy.com\/wp-content\/uploads\/2026\/03\/4-17.jpg\" alt=\"\" width=\"904\" height=\"904\" srcset=\"https:\/\/rxpulxy.com\/wp-content\/uploads\/2026\/03\/4-17.jpg 720w, https:\/\/rxpulxy.com\/wp-content\/uploads\/2026\/03\/4-17-300x300.jpg 300w, https:\/\/rxpulxy.com\/wp-content\/uploads\/2026\/03\/4-17-150x150.jpg 150w, https:\/\/rxpulxy.com\/wp-content\/uploads\/2026\/03\/4-17-600x600.jpg 600w, https:\/\/rxpulxy.com\/wp-content\/uploads\/2026\/03\/4-17-100x100.jpg 100w\" sizes=\"(max-width: 904px) 100vw, 904px\" \/> <img loading=\"lazy\" decoding=\"async\" class=\"alignnone size-full wp-image-5253\" src=\"https:\/\/rxpulxy.com\/wp-content\/uploads\/2026\/03\/5-19.jpg\" alt=\"\" width=\"800\" height=\"800\" srcset=\"https:\/\/rxpulxy.com\/wp-content\/uploads\/2026\/03\/5-19.jpg 800w, https:\/\/rxpulxy.com\/wp-content\/uploads\/2026\/03\/5-19-300x300.jpg 300w, https:\/\/rxpulxy.com\/wp-content\/uploads\/2026\/03\/5-19-150x150.jpg 150w, https:\/\/rxpulxy.com\/wp-content\/uploads\/2026\/03\/5-19-768x768.jpg 768w, https:\/\/rxpulxy.com\/wp-content\/uploads\/2026\/03\/5-19-600x600.jpg 600w, https:\/\/rxpulxy.com\/wp-content\/uploads\/2026\/03\/5-19-100x100.jpg 100w\" sizes=\"(max-width: 800px) 100vw, 800px\" \/> <img loading=\"lazy\" decoding=\"async\" class=\"alignnone size-full wp-image-5256\" src=\"https:\/\/rxpulxy.com\/wp-content\/uploads\/2026\/03\/8-12.jpg\" alt=\"\" width=\"1000\" height=\"1000\" srcset=\"https:\/\/rxpulxy.com\/wp-content\/uploads\/2026\/03\/8-12.jpg 1000w, https:\/\/rxpulxy.com\/wp-content\/uploads\/2026\/03\/8-12-300x300.jpg 300w, https:\/\/rxpulxy.com\/wp-content\/uploads\/2026\/03\/8-12-150x150.jpg 150w, https:\/\/rxpulxy.com\/wp-content\/uploads\/2026\/03\/8-12-768x768.jpg 768w, https:\/\/rxpulxy.com\/wp-content\/uploads\/2026\/03\/8-12-600x600.jpg 600w, https:\/\/rxpulxy.com\/wp-content\/uploads\/2026\/03\/8-12-100x100.jpg 100w\" sizes=\"(max-width: 1000px) 100vw, 1000px\" \/> <img loading=\"lazy\" decoding=\"async\" class=\"alignnone size-full wp-image-5254\" src=\"https:\/\/rxpulxy.com\/wp-content\/uploads\/2026\/03\/6-14.jpg\" alt=\"\" width=\"750\" height=\"800\" srcset=\"https:\/\/rxpulxy.com\/wp-content\/uploads\/2026\/03\/6-14.jpg 750w, https:\/\/rxpulxy.com\/wp-content\/uploads\/2026\/03\/6-14-281x300.jpg 281w, https:\/\/rxpulxy.com\/wp-content\/uploads\/2026\/03\/6-14-600x640.jpg 600w\" sizes=\"(max-width: 750px) 100vw, 750px\" \/> <img loading=\"lazy\" decoding=\"async\" class=\"alignnone wp-image-5255\" src=\"https:\/\/rxpulxy.com\/wp-content\/uploads\/2026\/03\/7-12.jpg\" alt=\"\" width=\"835\" height=\"835\" srcset=\"https:\/\/rxpulxy.com\/wp-content\/uploads\/2026\/03\/7-12.jpg 800w, https:\/\/rxpulxy.com\/wp-content\/uploads\/2026\/03\/7-12-300x300.jpg 300w, https:\/\/rxpulxy.com\/wp-content\/uploads\/2026\/03\/7-12-150x150.jpg 150w, https:\/\/rxpulxy.com\/wp-content\/uploads\/2026\/03\/7-12-768x768.jpg 768w, https:\/\/rxpulxy.com\/wp-content\/uploads\/2026\/03\/7-12-600x600.jpg 600w, https:\/\/rxpulxy.com\/wp-content\/uploads\/2026\/03\/7-12-100x100.jpg 100w\" sizes=\"(max-width: 835px) 100vw, 835px\" \/><\/p>","protected":false},"excerpt":{"rendered":"<p>Material: ABS+food grade silicone Color: purple\/rose red Size: 213*89*36.5mm Function: Head 10-frequency vibration \/rabbit head 10-frequency sucking Net weight: 197g&#8230;<\/p>","protected":false},"featured_media":5248,"comment_status":"open","ping_status":"closed","template":"","meta":[],"product_brand":[],"product_cat":[39],"product_tag":[],"class_list":{"0":"post-5247","1":"product","2":"type-product","3":"status-publish","4":"has-post-thumbnail","6":"product_cat-vibrator","8":"first","9":"instock","10":"shipping-taxable","11":"product-type-simple"},"_links":{"self":[{"href":"https:\/\/rxpulxy.com\/fr\/wp-json\/wp\/v2\/product\/5247","targetHints":{"allow":["GET"]}}],"collection":[{"href":"https:\/\/rxpulxy.com\/fr\/wp-json\/wp\/v2\/product"}],"about":[{"href":"https:\/\/rxpulxy.com\/fr\/wp-json\/wp\/v2\/types\/product"}],"replies":[{"embeddable":true,"href":"https:\/\/rxpulxy.com\/fr\/wp-json\/wp\/v2\/comments?post=5247"}],"wp:featuredmedia":[{"embeddable":true,"href":"https:\/\/rxpulxy.com\/fr\/wp-json\/wp\/v2\/media\/5248"}],"wp:attachment":[{"href":"https:\/\/rxpulxy.com\/fr\/wp-json\/wp\/v2\/media?parent=5247"}],"wp:term":[{"taxonomy":"product_brand","embeddable":true,"href":"https:\/\/rxpulxy.com\/fr\/wp-json\/wp\/v2\/product_brand?post=5247"},{"taxonomy":"product_cat","embeddable":true,"href":"https:\/\/rxpulxy.com\/fr\/wp-json\/wp\/v2\/product_cat?post=5247"},{"taxonomy":"product_tag","embeddable":true,"href":"https:\/\/rxpulxy.com\/fr\/wp-json\/wp\/v2\/product_tag?post=5247"}],"curies":[{"name":"wp","href":"https:\/\/api.w.org\/{rel}","templated":true}]}}