{"id":5237,"date":"2026-03-28T17:38:05","date_gmt":"2026-03-28T09:38:05","guid":{"rendered":"https:\/\/rxpulxy.com\/?post_type=product&#038;p=5237"},"modified":"2026-03-28T17:38:05","modified_gmt":"2026-03-28T09:38:05","slug":"factory-direct-new-ultra-vibrating-unisex-cock-ring-with-remote-control-penis-constricting-ring-for-lasting-endurance-adult-sex-toy-for-couples","status":"publish","type":"product","link":"https:\/\/rxpulxy.com\/fr\/product\/factory-direct-new-ultra-vibrating-unisex-cock-ring-with-remote-control-penis-constricting-ring-for-lasting-endurance-adult-sex-toy-for-couples\/","title":{"rendered":"Factory Direct - New Ultra-Vibrating Cock Ring Unisex with Remote Control, Penis Constricting Ring for Lasting Endurance, Adult Sex Toy for Couples."},"content":{"rendered":"<h5>Mat\u00e9riau : ABS+silicone alimentaire<\/h5>\n<h5>Color: Black<\/h5>\n<h5>Size: 120*45*20mm<\/h5>\n<h5>Function: 10 frequency vibration<\/h5>\n<h5>Net weight: 63g<\/h5>\n<h5>Package weight: 122g<\/h5>\n<h5>Package dimensions: 76*54*154mm<\/h5>\n<h5>Charging time: 60 minutes<\/h5>\n<h5><\/h5>\n<h5>Dur\u00e9e d'utilisation : 90 minutes<\/h5>\n<h5><\/h5>\n<h5>M\u00e9thode de chargement : DC 5V<\/h5>\n<h5><\/h5>\n<h5>Bruit : \u226440dp<\/h5>\n<h5><\/h5>\n<h5>Degr\u00e9 d'\u00e9tanch\u00e9it\u00e9 : IPX6<\/h5>\n<h5><\/h5>\n<h5>Power: 3.7V\/220mah<\/h5>\n<p>&nbsp;<\/p>\n<h4 data-path-to-node=\"21\"><span style=\"color: #ff9900;\"><b data-path-to-node=\"21\" data-index-in-node=\"0\">Soutien aux entreprises :<\/b><\/span><\/h4>\n<ul data-path-to-node=\"22\">\n<li>\n<h4 data-path-to-node=\"22,0,0\"><span style=\"color: #ff9900;\"><b data-path-to-node=\"22,0,0\" data-index-in-node=\"0\">MOQ :<\/b>\u00a0Faible MOQ pour les commandes d'essai.<\/span><\/h4>\n<\/li>\n<li>\n<h4 data-path-to-node=\"22,1,0\"><span style=\"color: #ff9900;\"><b data-path-to-node=\"22,1,0\" data-index-in-node=\"0\">OEM\/ODM :<\/b>\u00a0Marquage priv\u00e9 et options de couleurs personnalis\u00e9es.<\/span><\/h4>\n<\/li>\n<li>\n<h4 data-path-to-node=\"22,2,0\"><span style=\"color: #ff9900;\"><b data-path-to-node=\"22,2,0\" data-index-in-node=\"0\">Exp\u00e9dition :<\/b>\u00a0Possibilit\u00e9 de dropshipping discret dans le monde entier.<\/span><\/h4>\n<\/li>\n<\/ul>\n<p><img fetchpriority=\"high\" decoding=\"async\" class=\"alignnone size-full wp-image-5238\" src=\"https:\/\/rxpulxy.com\/wp-content\/uploads\/2026\/03\/1-18.jpg\" alt=\"\" width=\"1000\" height=\"1000\" srcset=\"https:\/\/rxpulxy.com\/wp-content\/uploads\/2026\/03\/1-18.jpg 1000w, https:\/\/rxpulxy.com\/wp-content\/uploads\/2026\/03\/1-18-300x300.jpg 300w, https:\/\/rxpulxy.com\/wp-content\/uploads\/2026\/03\/1-18-150x150.jpg 150w, https:\/\/rxpulxy.com\/wp-content\/uploads\/2026\/03\/1-18-768x768.jpg 768w, https:\/\/rxpulxy.com\/wp-content\/uploads\/2026\/03\/1-18-600x600.jpg 600w, https:\/\/rxpulxy.com\/wp-content\/uploads\/2026\/03\/1-18-100x100.jpg 100w\" sizes=\"(max-width: 1000px) 100vw, 1000px\" \/> <img decoding=\"async\" class=\"alignnone size-full wp-image-5240\" src=\"https:\/\/rxpulxy.com\/wp-content\/uploads\/2026\/03\/2-17.jpg\" alt=\"\" width=\"1000\" height=\"1000\" srcset=\"https:\/\/rxpulxy.com\/wp-content\/uploads\/2026\/03\/2-17.jpg 1000w, https:\/\/rxpulxy.com\/wp-content\/uploads\/2026\/03\/2-17-300x300.jpg 300w, https:\/\/rxpulxy.com\/wp-content\/uploads\/2026\/03\/2-17-150x150.jpg 150w, https:\/\/rxpulxy.com\/wp-content\/uploads\/2026\/03\/2-17-768x768.jpg 768w, https:\/\/rxpulxy.com\/wp-content\/uploads\/2026\/03\/2-17-600x600.jpg 600w, https:\/\/rxpulxy.com\/wp-content\/uploads\/2026\/03\/2-17-100x100.jpg 100w\" sizes=\"(max-width: 1000px) 100vw, 1000px\" \/> <img decoding=\"async\" class=\"alignnone size-full wp-image-5241\" src=\"https:\/\/rxpulxy.com\/wp-content\/uploads\/2026\/03\/3-17.jpg\" alt=\"\" width=\"1000\" height=\"1000\" srcset=\"https:\/\/rxpulxy.com\/wp-content\/uploads\/2026\/03\/3-17.jpg 1000w, https:\/\/rxpulxy.com\/wp-content\/uploads\/2026\/03\/3-17-300x300.jpg 300w, https:\/\/rxpulxy.com\/wp-content\/uploads\/2026\/03\/3-17-150x150.jpg 150w, https:\/\/rxpulxy.com\/wp-content\/uploads\/2026\/03\/3-17-768x768.jpg 768w, https:\/\/rxpulxy.com\/wp-content\/uploads\/2026\/03\/3-17-600x600.jpg 600w, https:\/\/rxpulxy.com\/wp-content\/uploads\/2026\/03\/3-17-100x100.jpg 100w\" sizes=\"(max-width: 1000px) 100vw, 1000px\" \/> <img loading=\"lazy\" decoding=\"async\" class=\"alignnone size-full wp-image-5242\" src=\"https:\/\/rxpulxy.com\/wp-content\/uploads\/2026\/03\/4-16.jpg\" alt=\"\" width=\"1000\" height=\"1000\" srcset=\"https:\/\/rxpulxy.com\/wp-content\/uploads\/2026\/03\/4-16.jpg 1000w, https:\/\/rxpulxy.com\/wp-content\/uploads\/2026\/03\/4-16-300x300.jpg 300w, https:\/\/rxpulxy.com\/wp-content\/uploads\/2026\/03\/4-16-150x150.jpg 150w, https:\/\/rxpulxy.com\/wp-content\/uploads\/2026\/03\/4-16-768x768.jpg 768w, https:\/\/rxpulxy.com\/wp-content\/uploads\/2026\/03\/4-16-600x600.jpg 600w, https:\/\/rxpulxy.com\/wp-content\/uploads\/2026\/03\/4-16-100x100.jpg 100w\" sizes=\"(max-width: 1000px) 100vw, 1000px\" \/> <img loading=\"lazy\" decoding=\"async\" class=\"alignnone size-full wp-image-5243\" src=\"https:\/\/rxpulxy.com\/wp-content\/uploads\/2026\/03\/5-18.jpg\" alt=\"\" width=\"800\" height=\"800\" srcset=\"https:\/\/rxpulxy.com\/wp-content\/uploads\/2026\/03\/5-18.jpg 800w, https:\/\/rxpulxy.com\/wp-content\/uploads\/2026\/03\/5-18-300x300.jpg 300w, https:\/\/rxpulxy.com\/wp-content\/uploads\/2026\/03\/5-18-150x150.jpg 150w, https:\/\/rxpulxy.com\/wp-content\/uploads\/2026\/03\/5-18-768x768.jpg 768w, https:\/\/rxpulxy.com\/wp-content\/uploads\/2026\/03\/5-18-600x600.jpg 600w, https:\/\/rxpulxy.com\/wp-content\/uploads\/2026\/03\/5-18-100x100.jpg 100w\" sizes=\"(max-width: 800px) 100vw, 800px\" \/> <img loading=\"lazy\" decoding=\"async\" class=\"alignnone size-full wp-image-5244\" src=\"https:\/\/rxpulxy.com\/wp-content\/uploads\/2026\/03\/6-13.jpg\" alt=\"\" width=\"1000\" height=\"1000\" srcset=\"https:\/\/rxpulxy.com\/wp-content\/uploads\/2026\/03\/6-13.jpg 1000w, https:\/\/rxpulxy.com\/wp-content\/uploads\/2026\/03\/6-13-300x300.jpg 300w, https:\/\/rxpulxy.com\/wp-content\/uploads\/2026\/03\/6-13-150x150.jpg 150w, https:\/\/rxpulxy.com\/wp-content\/uploads\/2026\/03\/6-13-768x768.jpg 768w, https:\/\/rxpulxy.com\/wp-content\/uploads\/2026\/03\/6-13-600x600.jpg 600w, https:\/\/rxpulxy.com\/wp-content\/uploads\/2026\/03\/6-13-100x100.jpg 100w\" sizes=\"(max-width: 1000px) 100vw, 1000px\" \/> <img loading=\"lazy\" decoding=\"async\" class=\"alignnone size-full wp-image-5245\" src=\"https:\/\/rxpulxy.com\/wp-content\/uploads\/2026\/03\/7-11.jpg\" alt=\"\" width=\"1000\" height=\"1000\" srcset=\"https:\/\/rxpulxy.com\/wp-content\/uploads\/2026\/03\/7-11.jpg 1000w, https:\/\/rxpulxy.com\/wp-content\/uploads\/2026\/03\/7-11-300x300.jpg 300w, https:\/\/rxpulxy.com\/wp-content\/uploads\/2026\/03\/7-11-150x150.jpg 150w, https:\/\/rxpulxy.com\/wp-content\/uploads\/2026\/03\/7-11-768x768.jpg 768w, https:\/\/rxpulxy.com\/wp-content\/uploads\/2026\/03\/7-11-600x600.jpg 600w, https:\/\/rxpulxy.com\/wp-content\/uploads\/2026\/03\/7-11-100x100.jpg 100w\" sizes=\"(max-width: 1000px) 100vw, 1000px\" \/><\/p>","protected":false},"excerpt":{"rendered":"<p>Material: ABS+food grade silicone Color: Black Size: 120*45*20mm Function: 10 frequency vibration Net weight: 63g Package weight: 122g Package dimensions:&#8230;<\/p>","protected":false},"featured_media":5238,"comment_status":"open","ping_status":"closed","template":"","meta":[],"product_brand":[],"product_cat":[42],"product_tag":[],"class_list":{"0":"post-5237","1":"product","2":"type-product","3":"status-publish","4":"has-post-thumbnail","6":"product_cat-cock-ring","8":"first","9":"instock","10":"shipping-taxable","11":"product-type-simple"},"_links":{"self":[{"href":"https:\/\/rxpulxy.com\/fr\/wp-json\/wp\/v2\/product\/5237","targetHints":{"allow":["GET"]}}],"collection":[{"href":"https:\/\/rxpulxy.com\/fr\/wp-json\/wp\/v2\/product"}],"about":[{"href":"https:\/\/rxpulxy.com\/fr\/wp-json\/wp\/v2\/types\/product"}],"replies":[{"embeddable":true,"href":"https:\/\/rxpulxy.com\/fr\/wp-json\/wp\/v2\/comments?post=5237"}],"wp:featuredmedia":[{"embeddable":true,"href":"https:\/\/rxpulxy.com\/fr\/wp-json\/wp\/v2\/media\/5238"}],"wp:attachment":[{"href":"https:\/\/rxpulxy.com\/fr\/wp-json\/wp\/v2\/media?parent=5237"}],"wp:term":[{"taxonomy":"product_brand","embeddable":true,"href":"https:\/\/rxpulxy.com\/fr\/wp-json\/wp\/v2\/product_brand?post=5237"},{"taxonomy":"product_cat","embeddable":true,"href":"https:\/\/rxpulxy.com\/fr\/wp-json\/wp\/v2\/product_cat?post=5237"},{"taxonomy":"product_tag","embeddable":true,"href":"https:\/\/rxpulxy.com\/fr\/wp-json\/wp\/v2\/product_tag?post=5237"}],"curies":[{"name":"wp","href":"https:\/\/api.w.org\/{rel}","templated":true}]}}