{"id":5107,"date":"2026-03-28T09:45:28","date_gmt":"2026-03-28T01:45:28","guid":{"rendered":"https:\/\/rxpulxy.com\/?post_type=product&#038;p=5107"},"modified":"2026-03-28T09:45:28","modified_gmt":"2026-03-28T01:45:28","slug":"anal-massager-female-sex-toy-anal-gland-massager-anal-plug-adult-sex-toy","status":"publish","type":"product","link":"https:\/\/rxpulxy.com\/fr\/product\/anal-massager-female-sex-toy-anal-gland-massager-anal-plug-adult-sex-toy\/","title":{"rendered":"Anal massager, female sex toy, anal gland massager, anal plug, adult sex toy"},"content":{"rendered":"<p>Mat\u00e9riau : ABS+silicone alimentaire<\/p>\n<p>Color: Black<\/p>\n<p>Size: 142*45*77.5mm<\/p>\n<p>Function: 10 frequency vibration of head<\/p>\n<p>Net weight: 156g<\/p>\n<p>Package weight: 230g<\/p>\n<p>Package dimensions:168*100*48mm<\/p>\n<p>Temps de charge : 120 minutes<\/p>\n<p>Dur\u00e9e d'utilisation : 90 minutes<\/p>\n<p>M\u00e9thode de chargement : DC 5V<\/p>\n<p>Bruit : \u226440dp<\/p>\n<p>Degr\u00e9 d'\u00e9tanch\u00e9it\u00e9 : IPX6<\/p>\n<p>Alimentation : 3.7V\/500mah<\/p>\n<p>&nbsp;<\/p>\n<p><img fetchpriority=\"high\" decoding=\"async\" class=\"alignnone size-full wp-image-5108\" src=\"https:\/\/rxpulxy.com\/wp-content\/uploads\/2026\/03\/5-6.jpg\" alt=\"\" width=\"800\" height=\"800\" srcset=\"https:\/\/rxpulxy.com\/wp-content\/uploads\/2026\/03\/5-6.jpg 800w, https:\/\/rxpulxy.com\/wp-content\/uploads\/2026\/03\/5-6-300x300.jpg 300w, https:\/\/rxpulxy.com\/wp-content\/uploads\/2026\/03\/5-6-150x150.jpg 150w, https:\/\/rxpulxy.com\/wp-content\/uploads\/2026\/03\/5-6-768x768.jpg 768w, https:\/\/rxpulxy.com\/wp-content\/uploads\/2026\/03\/5-6-600x600.jpg 600w, https:\/\/rxpulxy.com\/wp-content\/uploads\/2026\/03\/5-6-100x100.jpg 100w\" sizes=\"(max-width: 800px) 100vw, 800px\" \/><\/p>\n<p><img decoding=\"async\" class=\"alignnone size-full wp-image-5110\" src=\"https:\/\/rxpulxy.com\/wp-content\/uploads\/2026\/03\/2-7.jpg\" alt=\"\" width=\"720\" height=\"720\" srcset=\"https:\/\/rxpulxy.com\/wp-content\/uploads\/2026\/03\/2-7.jpg 720w, https:\/\/rxpulxy.com\/wp-content\/uploads\/2026\/03\/2-7-300x300.jpg 300w, https:\/\/rxpulxy.com\/wp-content\/uploads\/2026\/03\/2-7-150x150.jpg 150w, https:\/\/rxpulxy.com\/wp-content\/uploads\/2026\/03\/2-7-600x600.jpg 600w, https:\/\/rxpulxy.com\/wp-content\/uploads\/2026\/03\/2-7-100x100.jpg 100w\" sizes=\"(max-width: 720px) 100vw, 720px\" \/><\/p>\n<p><img decoding=\"async\" class=\"alignnone size-full wp-image-5112\" src=\"https:\/\/rxpulxy.com\/wp-content\/uploads\/2026\/03\/4-6.jpg\" alt=\"\" width=\"720\" height=\"720\" srcset=\"https:\/\/rxpulxy.com\/wp-content\/uploads\/2026\/03\/4-6.jpg 720w, https:\/\/rxpulxy.com\/wp-content\/uploads\/2026\/03\/4-6-300x300.jpg 300w, https:\/\/rxpulxy.com\/wp-content\/uploads\/2026\/03\/4-6-150x150.jpg 150w, https:\/\/rxpulxy.com\/wp-content\/uploads\/2026\/03\/4-6-600x600.jpg 600w, https:\/\/rxpulxy.com\/wp-content\/uploads\/2026\/03\/4-6-100x100.jpg 100w\" sizes=\"(max-width: 720px) 100vw, 720px\" \/><\/p>\n<p><img loading=\"lazy\" decoding=\"async\" class=\"alignnone size-full wp-image-5114\" src=\"https:\/\/rxpulxy.com\/wp-content\/uploads\/2026\/03\/6-4.jpg\" alt=\"\" width=\"720\" height=\"720\" srcset=\"https:\/\/rxpulxy.com\/wp-content\/uploads\/2026\/03\/6-4.jpg 720w, https:\/\/rxpulxy.com\/wp-content\/uploads\/2026\/03\/6-4-300x300.jpg 300w, https:\/\/rxpulxy.com\/wp-content\/uploads\/2026\/03\/6-4-150x150.jpg 150w, https:\/\/rxpulxy.com\/wp-content\/uploads\/2026\/03\/6-4-600x600.jpg 600w, https:\/\/rxpulxy.com\/wp-content\/uploads\/2026\/03\/6-4-100x100.jpg 100w\" sizes=\"(max-width: 720px) 100vw, 720px\" \/><\/p>\n<p><img loading=\"lazy\" decoding=\"async\" class=\"alignnone size-full wp-image-5116\" src=\"https:\/\/rxpulxy.com\/wp-content\/uploads\/2026\/03\/8-4.jpg\" alt=\"\" width=\"720\" height=\"720\" srcset=\"https:\/\/rxpulxy.com\/wp-content\/uploads\/2026\/03\/8-4.jpg 720w, https:\/\/rxpulxy.com\/wp-content\/uploads\/2026\/03\/8-4-300x300.jpg 300w, https:\/\/rxpulxy.com\/wp-content\/uploads\/2026\/03\/8-4-150x150.jpg 150w, https:\/\/rxpulxy.com\/wp-content\/uploads\/2026\/03\/8-4-600x600.jpg 600w, https:\/\/rxpulxy.com\/wp-content\/uploads\/2026\/03\/8-4-100x100.jpg 100w\" sizes=\"(max-width: 720px) 100vw, 720px\" \/><\/p>","protected":false},"excerpt":{"rendered":"<p>Material: ABS+food grade silicone Color: Black Size: 142*45*77.5mm Function: 10 frequency vibration of head Net weight: 156g Package weight: 230g&#8230;<\/p>","protected":false},"featured_media":5108,"comment_status":"open","ping_status":"closed","template":"","meta":[],"product_brand":[],"product_cat":[40],"product_tag":[],"class_list":{"0":"post-5107","1":"product","2":"type-product","3":"status-publish","4":"has-post-thumbnail","6":"product_cat-anal-toy","8":"first","9":"instock","10":"shipping-taxable","11":"product-type-simple"},"_links":{"self":[{"href":"https:\/\/rxpulxy.com\/fr\/wp-json\/wp\/v2\/product\/5107","targetHints":{"allow":["GET"]}}],"collection":[{"href":"https:\/\/rxpulxy.com\/fr\/wp-json\/wp\/v2\/product"}],"about":[{"href":"https:\/\/rxpulxy.com\/fr\/wp-json\/wp\/v2\/types\/product"}],"replies":[{"embeddable":true,"href":"https:\/\/rxpulxy.com\/fr\/wp-json\/wp\/v2\/comments?post=5107"}],"wp:featuredmedia":[{"embeddable":true,"href":"https:\/\/rxpulxy.com\/fr\/wp-json\/wp\/v2\/media\/5108"}],"wp:attachment":[{"href":"https:\/\/rxpulxy.com\/fr\/wp-json\/wp\/v2\/media?parent=5107"}],"wp:term":[{"taxonomy":"product_brand","embeddable":true,"href":"https:\/\/rxpulxy.com\/fr\/wp-json\/wp\/v2\/product_brand?post=5107"},{"taxonomy":"product_cat","embeddable":true,"href":"https:\/\/rxpulxy.com\/fr\/wp-json\/wp\/v2\/product_cat?post=5107"},{"taxonomy":"product_tag","embeddable":true,"href":"https:\/\/rxpulxy.com\/fr\/wp-json\/wp\/v2\/product_tag?post=5107"}],"curies":[{"name":"wp","href":"https:\/\/api.w.org\/{rel}","templated":true}]}}