{"id":5060,"date":"2026-03-27T20:27:01","date_gmt":"2026-03-27T12:27:01","guid":{"rendered":"https:\/\/rxpulxy.com\/?post_type=product&#038;p=5060"},"modified":"2026-03-28T09:10:55","modified_gmt":"2026-03-28T01:10:55","slug":"factory-customized-rabbit-double-ended-vibrating-and-rotating-vibrator-for-women","status":"publish","type":"product","link":"https:\/\/rxpulxy.com\/fr\/product\/factory-customized-rabbit-double-ended-vibrating-and-rotating-vibrator-for-women\/","title":{"rendered":"Vibrateur de lapin \u00e0 double extr\u00e9mit\u00e9 et vibrateur rotatif pour femmes, personnalis\u00e9 par l'usine"},"content":{"rendered":"<p>Mat\u00e9riau : ABS+silicone alimentaire<\/p>\n<p>Couleur : violet\/rouge ros\u00e9<\/p>\n<p>Taille : 230*68*34.5mm<\/p>\n<p>Fonction : Vibration de la t\u00eate du lapin \u00e0 7 fr\u00e9quences \/ balancement de la t\u00eate \u00e0 3 fr\u00e9quences (explosion instantan\u00e9e \u00e0 l'aide d'un seul bouton).<\/p>\n<p>Poids net : 243g<\/p>\n<p>Poids de l'emballage : 331g<\/p>\n<p>Dimensions de l'emballage : 250*90*40 mm<\/p>\n<p>Temps de charge : 120 minutes<\/p>\n<p>Dur\u00e9e d'utilisation : 60 minutes<\/p>\n<p>M\u00e9thode de chargement : DC 5V<\/p>\n<p>Bruit : \u226440dp<\/p>\n<p>Degr\u00e9 d'\u00e9tanch\u00e9it\u00e9 : IPX6<\/p>\n<p>Alimentation : 3.7V\/700mah<\/p>\n<p><img fetchpriority=\"high\" decoding=\"async\" class=\"alignnone size-full wp-image-5067\" src=\"https:\/\/rxpulxy.com\/wp-content\/uploads\/2026\/03\/1-5.jpg\" alt=\"\" width=\"800\" height=\"800\" srcset=\"https:\/\/rxpulxy.com\/wp-content\/uploads\/2026\/03\/1-5.jpg 800w, https:\/\/rxpulxy.com\/wp-content\/uploads\/2026\/03\/1-5-300x300.jpg 300w, https:\/\/rxpulxy.com\/wp-content\/uploads\/2026\/03\/1-5-150x150.jpg 150w, https:\/\/rxpulxy.com\/wp-content\/uploads\/2026\/03\/1-5-768x768.jpg 768w, https:\/\/rxpulxy.com\/wp-content\/uploads\/2026\/03\/1-5-600x600.jpg 600w, https:\/\/rxpulxy.com\/wp-content\/uploads\/2026\/03\/1-5-100x100.jpg 100w\" sizes=\"(max-width: 800px) 100vw, 800px\" \/><\/p>\n<p><img decoding=\"async\" class=\"alignnone size-full wp-image-5068\" src=\"https:\/\/rxpulxy.com\/wp-content\/uploads\/2026\/03\/2-5.jpg\" alt=\"\" width=\"720\" height=\"720\" srcset=\"https:\/\/rxpulxy.com\/wp-content\/uploads\/2026\/03\/2-5.jpg 720w, https:\/\/rxpulxy.com\/wp-content\/uploads\/2026\/03\/2-5-300x300.jpg 300w, https:\/\/rxpulxy.com\/wp-content\/uploads\/2026\/03\/2-5-150x150.jpg 150w, https:\/\/rxpulxy.com\/wp-content\/uploads\/2026\/03\/2-5-600x600.jpg 600w, https:\/\/rxpulxy.com\/wp-content\/uploads\/2026\/03\/2-5-100x100.jpg 100w\" sizes=\"(max-width: 720px) 100vw, 720px\" \/><\/p>\n<p><img decoding=\"async\" class=\"alignnone size-full wp-image-5065\" src=\"https:\/\/rxpulxy.com\/wp-content\/uploads\/2026\/03\/4-4.jpg\" alt=\"\" width=\"800\" height=\"800\" srcset=\"https:\/\/rxpulxy.com\/wp-content\/uploads\/2026\/03\/4-4.jpg 800w, https:\/\/rxpulxy.com\/wp-content\/uploads\/2026\/03\/4-4-300x300.jpg 300w, https:\/\/rxpulxy.com\/wp-content\/uploads\/2026\/03\/4-4-150x150.jpg 150w, https:\/\/rxpulxy.com\/wp-content\/uploads\/2026\/03\/4-4-768x768.jpg 768w, https:\/\/rxpulxy.com\/wp-content\/uploads\/2026\/03\/4-4-600x600.jpg 600w, https:\/\/rxpulxy.com\/wp-content\/uploads\/2026\/03\/4-4-100x100.jpg 100w\" sizes=\"(max-width: 800px) 100vw, 800px\" \/><\/p>\n<p><img loading=\"lazy\" decoding=\"async\" class=\"alignnone size-full wp-image-5066\" src=\"https:\/\/rxpulxy.com\/wp-content\/uploads\/2026\/03\/5-4.jpg\" alt=\"\" width=\"800\" height=\"800\" srcset=\"https:\/\/rxpulxy.com\/wp-content\/uploads\/2026\/03\/5-4.jpg 800w, https:\/\/rxpulxy.com\/wp-content\/uploads\/2026\/03\/5-4-300x300.jpg 300w, https:\/\/rxpulxy.com\/wp-content\/uploads\/2026\/03\/5-4-150x150.jpg 150w, https:\/\/rxpulxy.com\/wp-content\/uploads\/2026\/03\/5-4-768x768.jpg 768w, https:\/\/rxpulxy.com\/wp-content\/uploads\/2026\/03\/5-4-600x600.jpg 600w, https:\/\/rxpulxy.com\/wp-content\/uploads\/2026\/03\/5-4-100x100.jpg 100w\" sizes=\"(max-width: 800px) 100vw, 800px\" \/><\/p>","protected":false},"excerpt":{"rendered":"<p>Material: ABS+food grade silicone Color: purple\/rose red Size:230*68*34.5mm Function: 7-frequency rabbit head vibration\/3-frequency head swing (one- button instant explosion) Net&#8230;<\/p>","protected":false},"featured_media":5061,"comment_status":"open","ping_status":"closed","template":"","meta":[],"product_brand":[],"product_cat":[39],"product_tag":[],"class_list":{"0":"post-5060","1":"product","2":"type-product","3":"status-publish","4":"has-post-thumbnail","6":"product_cat-vibrator","8":"first","9":"instock","10":"shipping-taxable","11":"product-type-simple"},"_links":{"self":[{"href":"https:\/\/rxpulxy.com\/fr\/wp-json\/wp\/v2\/product\/5060","targetHints":{"allow":["GET"]}}],"collection":[{"href":"https:\/\/rxpulxy.com\/fr\/wp-json\/wp\/v2\/product"}],"about":[{"href":"https:\/\/rxpulxy.com\/fr\/wp-json\/wp\/v2\/types\/product"}],"replies":[{"embeddable":true,"href":"https:\/\/rxpulxy.com\/fr\/wp-json\/wp\/v2\/comments?post=5060"}],"wp:featuredmedia":[{"embeddable":true,"href":"https:\/\/rxpulxy.com\/fr\/wp-json\/wp\/v2\/media\/5061"}],"wp:attachment":[{"href":"https:\/\/rxpulxy.com\/fr\/wp-json\/wp\/v2\/media?parent=5060"}],"wp:term":[{"taxonomy":"product_brand","embeddable":true,"href":"https:\/\/rxpulxy.com\/fr\/wp-json\/wp\/v2\/product_brand?post=5060"},{"taxonomy":"product_cat","embeddable":true,"href":"https:\/\/rxpulxy.com\/fr\/wp-json\/wp\/v2\/product_cat?post=5060"},{"taxonomy":"product_tag","embeddable":true,"href":"https:\/\/rxpulxy.com\/fr\/wp-json\/wp\/v2\/product_tag?post=5060"}],"curies":[{"name":"wp","href":"https:\/\/api.w.org\/{rel}","templated":true}]}}