{"id":5275,"date":"2026-03-28T21:07:47","date_gmt":"2026-03-28T13:07:47","guid":{"rendered":"https:\/\/rxpulxy.com\/?post_type=product&#038;p=5275"},"modified":"2026-03-28T21:07:47","modified_gmt":"2026-03-28T13:07:47","slug":"factory-direct-rabbit-vibrator-with-strong-suction-cup-dual-stimulation-g-spot-dildo-10-speed-waterproof-adult-sex-toy-for-women","status":"publish","type":"product","link":"https:\/\/rxpulxy.com\/es\/product\/factory-direct-rabbit-vibrator-with-strong-suction-cup-dual-stimulation-g-spot-dildo-10-speed-waterproof-adult-sex-toy-for-women\/","title":{"rendered":"Factory Direct &#8211; Rabbit Vibrator with Strong Suction Cup, Dual-Stimulation G-Spot Dildo, 10-Speed Waterproof Adult Sex Toy for Women"},"content":{"rendered":"<h5>Material: ABS + silicona apta para uso alimentario<\/h5>\n<h5>Color: morado\/rojo rosado<\/h5>\n<h5>Dimensiones: 231 \u00d7 41 \u00d7 50 mm<\/h5>\n<h5>Funci\u00f3n: 10 frecuencias de vibraci\u00f3n del cabezal + 10 frecuencias de vibraci\u00f3n del cabezal con forma de conejo<\/h5>\n<h5>Peso neto: 242 g<\/h5>\n<div>\n<h5>Peso del paquete: 294 g<\/h5>\n<h5>Package dimensions:205*100*40mm<\/h5>\n<h5>Tiempo de carga: 120 minutos<\/h5>\n<h5>Duraci\u00f3n de uso: 70 minutos<\/h5>\n<h5>M\u00e9todo de carga: CC 5 V<\/h5>\n<h5>Ruido: \u226440 dB<\/h5>\n<h5>Grado de resistencia al agua: IPX6<\/h5>\n<h5>Alimentaci\u00f3n: 3,7 V\/450 mAh<\/h5>\n<\/div>\n<div><\/div>\n<div>\n<h4 data-path-to-node=\"21\"><span style=\"color: #ff9900;\"><b data-path-to-node=\"21\" data-index-in-node=\"0\">Apoyo empresarial:<\/b><\/span><\/h4>\n<ul data-path-to-node=\"22\">\n<li>\n<h4 data-path-to-node=\"22,0,0\"><span style=\"color: #ff9900;\"><b data-path-to-node=\"22,0,0\" data-index-in-node=\"0\">Cantidad m\u00ednima de pedido:<\/b>\u00a0Cantidad m\u00ednima de pedido reducida para pedidos de prueba.<\/span><\/h4>\n<\/li>\n<li>\n<h4 data-path-to-node=\"22,1,0\"><span style=\"color: #ff9900;\"><b data-path-to-node=\"22,1,0\" data-index-in-node=\"0\">OEM\/ODM:<\/b>\u00a0Opciones de marca propia y colores personalizados.<\/span><\/h4>\n<\/li>\n<li>\n<h4 data-path-to-node=\"22,2,0\"><span style=\"color: #ff9900;\"><b data-path-to-node=\"22,2,0\" data-index-in-node=\"0\">Env\u00edo:<\/b>\u00a0Servicio de env\u00edo directo discreto disponible en todo el mundo.<\/span><\/h4>\n<\/li>\n<\/ul>\n<\/div>\n<p><img fetchpriority=\"high\" decoding=\"async\" class=\"alignnone size-full wp-image-5276\" src=\"https:\/\/rxpulxy.com\/wp-content\/uploads\/2026\/03\/1-22.jpg\" alt=\"\" width=\"720\" height=\"720\" srcset=\"https:\/\/rxpulxy.com\/wp-content\/uploads\/2026\/03\/1-22.jpg 720w, https:\/\/rxpulxy.com\/wp-content\/uploads\/2026\/03\/1-22-300x300.jpg 300w, https:\/\/rxpulxy.com\/wp-content\/uploads\/2026\/03\/1-22-150x150.jpg 150w, https:\/\/rxpulxy.com\/wp-content\/uploads\/2026\/03\/1-22-600x600.jpg 600w, https:\/\/rxpulxy.com\/wp-content\/uploads\/2026\/03\/1-22-100x100.jpg 100w\" sizes=\"(max-width: 720px) 100vw, 720px\" \/> <img decoding=\"async\" class=\"alignnone size-full wp-image-5279\" src=\"https:\/\/rxpulxy.com\/wp-content\/uploads\/2026\/03\/3-21.jpg\" alt=\"\" width=\"1000\" height=\"1000\" srcset=\"https:\/\/rxpulxy.com\/wp-content\/uploads\/2026\/03\/3-21.jpg 1000w, https:\/\/rxpulxy.com\/wp-content\/uploads\/2026\/03\/3-21-300x300.jpg 300w, https:\/\/rxpulxy.com\/wp-content\/uploads\/2026\/03\/3-21-150x150.jpg 150w, https:\/\/rxpulxy.com\/wp-content\/uploads\/2026\/03\/3-21-768x768.jpg 768w, https:\/\/rxpulxy.com\/wp-content\/uploads\/2026\/03\/3-21-600x600.jpg 600w, https:\/\/rxpulxy.com\/wp-content\/uploads\/2026\/03\/3-21-100x100.jpg 100w\" sizes=\"(max-width: 1000px) 100vw, 1000px\" \/> <img decoding=\"async\" class=\"alignnone size-full wp-image-5280\" src=\"https:\/\/rxpulxy.com\/wp-content\/uploads\/2026\/03\/4-20.jpg\" alt=\"\" width=\"720\" height=\"720\" srcset=\"https:\/\/rxpulxy.com\/wp-content\/uploads\/2026\/03\/4-20.jpg 720w, https:\/\/rxpulxy.com\/wp-content\/uploads\/2026\/03\/4-20-300x300.jpg 300w, https:\/\/rxpulxy.com\/wp-content\/uploads\/2026\/03\/4-20-150x150.jpg 150w, https:\/\/rxpulxy.com\/wp-content\/uploads\/2026\/03\/4-20-600x600.jpg 600w, https:\/\/rxpulxy.com\/wp-content\/uploads\/2026\/03\/4-20-100x100.jpg 100w\" sizes=\"(max-width: 720px) 100vw, 720px\" \/> <img loading=\"lazy\" decoding=\"async\" class=\"alignnone  wp-image-5281\" src=\"https:\/\/rxpulxy.com\/wp-content\/uploads\/2026\/03\/5-23.jpg\" alt=\"\" width=\"863\" height=\"863\" srcset=\"https:\/\/rxpulxy.com\/wp-content\/uploads\/2026\/03\/5-23.jpg 800w, https:\/\/rxpulxy.com\/wp-content\/uploads\/2026\/03\/5-23-300x300.jpg 300w, https:\/\/rxpulxy.com\/wp-content\/uploads\/2026\/03\/5-23-150x150.jpg 150w, https:\/\/rxpulxy.com\/wp-content\/uploads\/2026\/03\/5-23-768x768.jpg 768w, https:\/\/rxpulxy.com\/wp-content\/uploads\/2026\/03\/5-23-600x600.jpg 600w, https:\/\/rxpulxy.com\/wp-content\/uploads\/2026\/03\/5-23-100x100.jpg 100w\" sizes=\"(max-width: 863px) 100vw, 863px\" \/> <img loading=\"lazy\" decoding=\"async\" class=\"alignnone size-full wp-image-5283\" src=\"https:\/\/rxpulxy.com\/wp-content\/uploads\/2026\/03\/7-13.jpg\" alt=\"\" width=\"1000\" height=\"1000\" srcset=\"https:\/\/rxpulxy.com\/wp-content\/uploads\/2026\/03\/7-13.jpg 1000w, https:\/\/rxpulxy.com\/wp-content\/uploads\/2026\/03\/7-13-300x300.jpg 300w, https:\/\/rxpulxy.com\/wp-content\/uploads\/2026\/03\/7-13-150x150.jpg 150w, https:\/\/rxpulxy.com\/wp-content\/uploads\/2026\/03\/7-13-768x768.jpg 768w, https:\/\/rxpulxy.com\/wp-content\/uploads\/2026\/03\/7-13-600x600.jpg 600w, https:\/\/rxpulxy.com\/wp-content\/uploads\/2026\/03\/7-13-100x100.jpg 100w\" sizes=\"(max-width: 1000px) 100vw, 1000px\" \/> <img loading=\"lazy\" decoding=\"async\" class=\"alignnone size-full wp-image-5284\" src=\"https:\/\/rxpulxy.com\/wp-content\/uploads\/2026\/03\/8-13.jpg\" alt=\"\" width=\"1000\" height=\"1000\" srcset=\"https:\/\/rxpulxy.com\/wp-content\/uploads\/2026\/03\/8-13.jpg 1000w, https:\/\/rxpulxy.com\/wp-content\/uploads\/2026\/03\/8-13-300x300.jpg 300w, https:\/\/rxpulxy.com\/wp-content\/uploads\/2026\/03\/8-13-150x150.jpg 150w, https:\/\/rxpulxy.com\/wp-content\/uploads\/2026\/03\/8-13-768x768.jpg 768w, https:\/\/rxpulxy.com\/wp-content\/uploads\/2026\/03\/8-13-600x600.jpg 600w, https:\/\/rxpulxy.com\/wp-content\/uploads\/2026\/03\/8-13-100x100.jpg 100w\" sizes=\"(max-width: 1000px) 100vw, 1000px\" \/> <img loading=\"lazy\" decoding=\"async\" class=\"alignnone size-full wp-image-5282\" src=\"https:\/\/rxpulxy.com\/wp-content\/uploads\/2026\/03\/6-17.jpg\" alt=\"\" width=\"1000\" height=\"1000\" srcset=\"https:\/\/rxpulxy.com\/wp-content\/uploads\/2026\/03\/6-17.jpg 1000w, https:\/\/rxpulxy.com\/wp-content\/uploads\/2026\/03\/6-17-300x300.jpg 300w, https:\/\/rxpulxy.com\/wp-content\/uploads\/2026\/03\/6-17-150x150.jpg 150w, https:\/\/rxpulxy.com\/wp-content\/uploads\/2026\/03\/6-17-768x768.jpg 768w, https:\/\/rxpulxy.com\/wp-content\/uploads\/2026\/03\/6-17-600x600.jpg 600w, https:\/\/rxpulxy.com\/wp-content\/uploads\/2026\/03\/6-17-100x100.jpg 100w\" sizes=\"(max-width: 1000px) 100vw, 1000px\" \/> <img loading=\"lazy\" decoding=\"async\" class=\"alignnone size-full wp-image-5285\" src=\"https:\/\/rxpulxy.com\/wp-content\/uploads\/2026\/03\/9-8.jpg\" alt=\"\" width=\"1000\" height=\"1000\" srcset=\"https:\/\/rxpulxy.com\/wp-content\/uploads\/2026\/03\/9-8.jpg 1000w, https:\/\/rxpulxy.com\/wp-content\/uploads\/2026\/03\/9-8-300x300.jpg 300w, https:\/\/rxpulxy.com\/wp-content\/uploads\/2026\/03\/9-8-150x150.jpg 150w, https:\/\/rxpulxy.com\/wp-content\/uploads\/2026\/03\/9-8-768x768.jpg 768w, https:\/\/rxpulxy.com\/wp-content\/uploads\/2026\/03\/9-8-600x600.jpg 600w, https:\/\/rxpulxy.com\/wp-content\/uploads\/2026\/03\/9-8-100x100.jpg 100w\" sizes=\"(max-width: 1000px) 100vw, 1000px\" \/> <img loading=\"lazy\" decoding=\"async\" class=\"alignnone size-full wp-image-5286\" src=\"https:\/\/rxpulxy.com\/wp-content\/uploads\/2026\/03\/10-2.jpg\" alt=\"\" width=\"1000\" height=\"1000\" srcset=\"https:\/\/rxpulxy.com\/wp-content\/uploads\/2026\/03\/10-2.jpg 1000w, https:\/\/rxpulxy.com\/wp-content\/uploads\/2026\/03\/10-2-300x300.jpg 300w, https:\/\/rxpulxy.com\/wp-content\/uploads\/2026\/03\/10-2-150x150.jpg 150w, https:\/\/rxpulxy.com\/wp-content\/uploads\/2026\/03\/10-2-768x768.jpg 768w, https:\/\/rxpulxy.com\/wp-content\/uploads\/2026\/03\/10-2-600x600.jpg 600w, https:\/\/rxpulxy.com\/wp-content\/uploads\/2026\/03\/10-2-100x100.jpg 100w\" sizes=\"(max-width: 1000px) 100vw, 1000px\" \/> <img loading=\"lazy\" decoding=\"async\" class=\"alignnone size-full wp-image-5278\" src=\"https:\/\/rxpulxy.com\/wp-content\/uploads\/2026\/03\/2-21.jpg\" alt=\"\" width=\"720\" height=\"720\" srcset=\"https:\/\/rxpulxy.com\/wp-content\/uploads\/2026\/03\/2-21.jpg 720w, https:\/\/rxpulxy.com\/wp-content\/uploads\/2026\/03\/2-21-300x300.jpg 300w, https:\/\/rxpulxy.com\/wp-content\/uploads\/2026\/03\/2-21-150x150.jpg 150w, https:\/\/rxpulxy.com\/wp-content\/uploads\/2026\/03\/2-21-600x600.jpg 600w, https:\/\/rxpulxy.com\/wp-content\/uploads\/2026\/03\/2-21-100x100.jpg 100w\" sizes=\"(max-width: 720px) 100vw, 720px\" \/><\/p>\n<div>\n<p>&nbsp;<\/p>\n<\/div>","protected":false},"excerpt":{"rendered":"<p>Material: ABS+food grade silicone Color: purple\/rose red Size: 231*41*50mm Function: 10 frequency vibration of head + 10 frequency vibration of&#8230;<\/p>","protected":false},"featured_media":5276,"comment_status":"open","ping_status":"closed","template":"","meta":[],"product_brand":[],"product_cat":[39],"product_tag":[],"class_list":{"0":"post-5275","1":"product","2":"type-product","3":"status-publish","4":"has-post-thumbnail","6":"product_cat-vibrator","8":"first","9":"instock","10":"shipping-taxable","11":"product-type-simple"},"_links":{"self":[{"href":"https:\/\/rxpulxy.com\/es\/wp-json\/wp\/v2\/product\/5275","targetHints":{"allow":["GET"]}}],"collection":[{"href":"https:\/\/rxpulxy.com\/es\/wp-json\/wp\/v2\/product"}],"about":[{"href":"https:\/\/rxpulxy.com\/es\/wp-json\/wp\/v2\/types\/product"}],"replies":[{"embeddable":true,"href":"https:\/\/rxpulxy.com\/es\/wp-json\/wp\/v2\/comments?post=5275"}],"wp:featuredmedia":[{"embeddable":true,"href":"https:\/\/rxpulxy.com\/es\/wp-json\/wp\/v2\/media\/5276"}],"wp:attachment":[{"href":"https:\/\/rxpulxy.com\/es\/wp-json\/wp\/v2\/media?parent=5275"}],"wp:term":[{"taxonomy":"product_brand","embeddable":true,"href":"https:\/\/rxpulxy.com\/es\/wp-json\/wp\/v2\/product_brand?post=5275"},{"taxonomy":"product_cat","embeddable":true,"href":"https:\/\/rxpulxy.com\/es\/wp-json\/wp\/v2\/product_cat?post=5275"},{"taxonomy":"product_tag","embeddable":true,"href":"https:\/\/rxpulxy.com\/es\/wp-json\/wp\/v2\/product_tag?post=5275"}],"curies":[{"name":"wp","href":"https:\/\/api.w.org\/{rel}","templated":true}]}}