{"id":5095,"date":"2026-03-28T09:27:56","date_gmt":"2026-03-28T01:27:56","guid":{"rendered":"https:\/\/rxpulxy.com\/?post_type=product&#038;p=5095"},"modified":"2026-03-28T09:27:56","modified_gmt":"2026-03-28T01:27:56","slug":"dual-g-spot-vibrator-with-stimulating-nubs-10-vibration-modes-female-masturbator-adult-sex-toy","status":"publish","type":"product","link":"https:\/\/rxpulxy.com\/es\/product\/dual-g-spot-vibrator-with-stimulating-nubs-10-vibration-modes-female-masturbator-adult-sex-toy\/","title":{"rendered":"Vibrador doble para el punto G con protuberancias estimulantes, 10 modos de vibraci\u00f3n, masturbador femenino, juguete sexual para adultos"},"content":{"rendered":"<p>Material: ABS + silicona apta para uso alimentario<\/p>\n<p>Color: morado\/rojo rosado<\/p>\n<p>Dimensiones del producto: 220 \u00d7 70 \u00d7 33 mm<\/p>\n<p>Funci\u00f3n: 10 niveles de vibraci\u00f3n del cabezal + 10 niveles de vibraci\u00f3n del cabezal con forma de conejo<\/p>\n<p>Peso neto: 172 g<\/p>\n<p>Peso del paquete: 252 g. Vibrador Rabbit 7<\/p>\n<p>Dimensiones del paquete: 250 \u00d7 90 \u00d7 40 mm<\/p>\n<p>Tiempo de carga: 120 minutos<\/p>\n<p>Tiempo de uso: 60 minutos<\/p>\n<p>M\u00e9todo de carga: CC 5 V<\/p>\n<p>Ruido: \u226440 dB<\/p>\n<p>Grado de resistencia al agua: IPX6<\/p>\n<p>Alimentaci\u00f3n: 3,7 V\/500 mA<\/p>\n<p>&nbsp;<\/p>\n<p><img fetchpriority=\"high\" decoding=\"async\" class=\"alignnone size-full wp-image-5096\" src=\"https:\/\/rxpulxy.com\/wp-content\/uploads\/2026\/03\/1-6.jpg\" alt=\"\" width=\"1000\" height=\"1000\" srcset=\"https:\/\/rxpulxy.com\/wp-content\/uploads\/2026\/03\/1-6.jpg 1000w, https:\/\/rxpulxy.com\/wp-content\/uploads\/2026\/03\/1-6-300x300.jpg 300w, https:\/\/rxpulxy.com\/wp-content\/uploads\/2026\/03\/1-6-150x150.jpg 150w, https:\/\/rxpulxy.com\/wp-content\/uploads\/2026\/03\/1-6-768x768.jpg 768w, https:\/\/rxpulxy.com\/wp-content\/uploads\/2026\/03\/1-6-600x600.jpg 600w, https:\/\/rxpulxy.com\/wp-content\/uploads\/2026\/03\/1-6-100x100.jpg 100w\" sizes=\"(max-width: 1000px) 100vw, 1000px\" \/> <img decoding=\"async\" class=\"alignnone size-full wp-image-5097\" src=\"https:\/\/rxpulxy.com\/wp-content\/uploads\/2026\/03\/2-6.jpg\" alt=\"\" width=\"720\" height=\"720\" srcset=\"https:\/\/rxpulxy.com\/wp-content\/uploads\/2026\/03\/2-6.jpg 720w, https:\/\/rxpulxy.com\/wp-content\/uploads\/2026\/03\/2-6-300x300.jpg 300w, https:\/\/rxpulxy.com\/wp-content\/uploads\/2026\/03\/2-6-150x150.jpg 150w, https:\/\/rxpulxy.com\/wp-content\/uploads\/2026\/03\/2-6-600x600.jpg 600w, https:\/\/rxpulxy.com\/wp-content\/uploads\/2026\/03\/2-6-100x100.jpg 100w\" sizes=\"(max-width: 720px) 100vw, 720px\" \/><\/p>\n<p><img decoding=\"async\" class=\"alignnone size-full wp-image-5098\" src=\"https:\/\/rxpulxy.com\/wp-content\/uploads\/2026\/03\/3-5.jpg\" alt=\"\" width=\"720\" height=\"720\" srcset=\"https:\/\/rxpulxy.com\/wp-content\/uploads\/2026\/03\/3-5.jpg 720w, https:\/\/rxpulxy.com\/wp-content\/uploads\/2026\/03\/3-5-300x300.jpg 300w, https:\/\/rxpulxy.com\/wp-content\/uploads\/2026\/03\/3-5-150x150.jpg 150w, https:\/\/rxpulxy.com\/wp-content\/uploads\/2026\/03\/3-5-600x600.jpg 600w, https:\/\/rxpulxy.com\/wp-content\/uploads\/2026\/03\/3-5-100x100.jpg 100w\" sizes=\"(max-width: 720px) 100vw, 720px\" \/><\/p>\n<p><img loading=\"lazy\" decoding=\"async\" class=\"alignnone size-full wp-image-5099\" src=\"https:\/\/rxpulxy.com\/wp-content\/uploads\/2026\/03\/4-5.jpg\" alt=\"\" width=\"720\" height=\"720\" srcset=\"https:\/\/rxpulxy.com\/wp-content\/uploads\/2026\/03\/4-5.jpg 720w, https:\/\/rxpulxy.com\/wp-content\/uploads\/2026\/03\/4-5-300x300.jpg 300w, https:\/\/rxpulxy.com\/wp-content\/uploads\/2026\/03\/4-5-150x150.jpg 150w, https:\/\/rxpulxy.com\/wp-content\/uploads\/2026\/03\/4-5-600x600.jpg 600w, https:\/\/rxpulxy.com\/wp-content\/uploads\/2026\/03\/4-5-100x100.jpg 100w\" sizes=\"(max-width: 720px) 100vw, 720px\" \/><\/p>\n<p><img loading=\"lazy\" decoding=\"async\" class=\"alignnone size-full wp-image-5102\" src=\"https:\/\/rxpulxy.com\/wp-content\/uploads\/2026\/03\/7-3.jpg\" alt=\"\" width=\"1281\" height=\"1920\" srcset=\"https:\/\/rxpulxy.com\/wp-content\/uploads\/2026\/03\/7-3.jpg 1281w, https:\/\/rxpulxy.com\/wp-content\/uploads\/2026\/03\/7-3-200x300.jpg 200w, https:\/\/rxpulxy.com\/wp-content\/uploads\/2026\/03\/7-3-683x1024.jpg 683w, https:\/\/rxpulxy.com\/wp-content\/uploads\/2026\/03\/7-3-768x1151.jpg 768w, https:\/\/rxpulxy.com\/wp-content\/uploads\/2026\/03\/7-3-1025x1536.jpg 1025w, https:\/\/rxpulxy.com\/wp-content\/uploads\/2026\/03\/7-3-600x899.jpg 600w\" sizes=\"(max-width: 1281px) 100vw, 1281px\" \/> <img loading=\"lazy\" decoding=\"async\" class=\"alignnone size-full wp-image-5103\" src=\"https:\/\/rxpulxy.com\/wp-content\/uploads\/2026\/03\/8-3.jpg\" alt=\"\" width=\"1106\" height=\"1920\" srcset=\"https:\/\/rxpulxy.com\/wp-content\/uploads\/2026\/03\/8-3.jpg 1106w, https:\/\/rxpulxy.com\/wp-content\/uploads\/2026\/03\/8-3-173x300.jpg 173w, https:\/\/rxpulxy.com\/wp-content\/uploads\/2026\/03\/8-3-590x1024.jpg 590w, https:\/\/rxpulxy.com\/wp-content\/uploads\/2026\/03\/8-3-768x1333.jpg 768w, https:\/\/rxpulxy.com\/wp-content\/uploads\/2026\/03\/8-3-885x1536.jpg 885w, https:\/\/rxpulxy.com\/wp-content\/uploads\/2026\/03\/8-3-600x1042.jpg 600w\" sizes=\"(max-width: 1106px) 100vw, 1106px\" \/><\/p>","protected":false},"excerpt":{"rendered":"<p>Material: ABS+food grade silicone Color: purple\/rose red Product Size: 220*70*33 mm Function: 10 frequency vibration of head+ 10 frequency vibration&#8230;<\/p>","protected":false},"featured_media":5096,"comment_status":"open","ping_status":"closed","template":"","meta":[],"product_brand":[],"product_cat":[39],"product_tag":[],"class_list":{"0":"post-5095","1":"product","2":"type-product","3":"status-publish","4":"has-post-thumbnail","6":"product_cat-vibrator","8":"first","9":"instock","10":"shipping-taxable","11":"product-type-simple"},"_links":{"self":[{"href":"https:\/\/rxpulxy.com\/es\/wp-json\/wp\/v2\/product\/5095","targetHints":{"allow":["GET"]}}],"collection":[{"href":"https:\/\/rxpulxy.com\/es\/wp-json\/wp\/v2\/product"}],"about":[{"href":"https:\/\/rxpulxy.com\/es\/wp-json\/wp\/v2\/types\/product"}],"replies":[{"embeddable":true,"href":"https:\/\/rxpulxy.com\/es\/wp-json\/wp\/v2\/comments?post=5095"}],"wp:featuredmedia":[{"embeddable":true,"href":"https:\/\/rxpulxy.com\/es\/wp-json\/wp\/v2\/media\/5096"}],"wp:attachment":[{"href":"https:\/\/rxpulxy.com\/es\/wp-json\/wp\/v2\/media?parent=5095"}],"wp:term":[{"taxonomy":"product_brand","embeddable":true,"href":"https:\/\/rxpulxy.com\/es\/wp-json\/wp\/v2\/product_brand?post=5095"},{"taxonomy":"product_cat","embeddable":true,"href":"https:\/\/rxpulxy.com\/es\/wp-json\/wp\/v2\/product_cat?post=5095"},{"taxonomy":"product_tag","embeddable":true,"href":"https:\/\/rxpulxy.com\/es\/wp-json\/wp\/v2\/product_tag?post=5095"}],"curies":[{"name":"wp","href":"https:\/\/api.w.org\/{rel}","templated":true}]}}