{"id":5060,"date":"2026-03-27T20:27:01","date_gmt":"2026-03-27T12:27:01","guid":{"rendered":"https:\/\/rxpulxy.com\/?post_type=product&#038;p=5060"},"modified":"2026-03-28T09:10:55","modified_gmt":"2026-03-28T01:10:55","slug":"factory-customized-rabbit-double-ended-vibrating-and-rotating-vibrator-for-women","status":"publish","type":"product","link":"https:\/\/rxpulxy.com\/es\/product\/factory-customized-rabbit-double-ended-vibrating-and-rotating-vibrator-for-women\/","title":{"rendered":"Vibrador doble con rotaci\u00f3n y vibraci\u00f3n para mujeres, personalizado de f\u00e1brica"},"content":{"rendered":"<p>Material: ABS + silicona apta para uso alimentario<\/p>\n<p>Color: morado\/rojo rosado<\/p>\n<p>Dimensiones: 230 \u00d7 68 \u00d7 34,5 mm<\/p>\n<p>Funci\u00f3n: vibraci\u00f3n de la cabeza del conejo con 7 frecuencias \/ oscilaci\u00f3n de la cabeza con 3 frecuencias (activaci\u00f3n instant\u00e1nea con un solo bot\u00f3n)<\/p>\n<p>Peso neto: 243 g<\/p>\n<p>Peso del paquete: 331 g<\/p>\n<p>Dimensiones del paquete: 250 \u00d7 90 \u00d7 40 mm<\/p>\n<p>Tiempo de carga: 120 minutos<\/p>\n<p>Tiempo de uso: 60 minutos<\/p>\n<p>M\u00e9todo de carga: CC 5 V<\/p>\n<p>Ruido: \u226440 dB<\/p>\n<p>Grado de resistencia al agua: IPX6<\/p>\n<p>Potencia: 3,7 V\/700 mAh<\/p>\n<p><img fetchpriority=\"high\" decoding=\"async\" class=\"alignnone size-full wp-image-5067\" src=\"https:\/\/rxpulxy.com\/wp-content\/uploads\/2026\/03\/1-5.jpg\" alt=\"\" width=\"800\" height=\"800\" srcset=\"https:\/\/rxpulxy.com\/wp-content\/uploads\/2026\/03\/1-5.jpg 800w, https:\/\/rxpulxy.com\/wp-content\/uploads\/2026\/03\/1-5-300x300.jpg 300w, https:\/\/rxpulxy.com\/wp-content\/uploads\/2026\/03\/1-5-150x150.jpg 150w, https:\/\/rxpulxy.com\/wp-content\/uploads\/2026\/03\/1-5-768x768.jpg 768w, https:\/\/rxpulxy.com\/wp-content\/uploads\/2026\/03\/1-5-600x600.jpg 600w, https:\/\/rxpulxy.com\/wp-content\/uploads\/2026\/03\/1-5-100x100.jpg 100w\" sizes=\"(max-width: 800px) 100vw, 800px\" \/><\/p>\n<p><img decoding=\"async\" class=\"alignnone size-full wp-image-5068\" src=\"https:\/\/rxpulxy.com\/wp-content\/uploads\/2026\/03\/2-5.jpg\" alt=\"\" width=\"720\" height=\"720\" srcset=\"https:\/\/rxpulxy.com\/wp-content\/uploads\/2026\/03\/2-5.jpg 720w, https:\/\/rxpulxy.com\/wp-content\/uploads\/2026\/03\/2-5-300x300.jpg 300w, https:\/\/rxpulxy.com\/wp-content\/uploads\/2026\/03\/2-5-150x150.jpg 150w, https:\/\/rxpulxy.com\/wp-content\/uploads\/2026\/03\/2-5-600x600.jpg 600w, https:\/\/rxpulxy.com\/wp-content\/uploads\/2026\/03\/2-5-100x100.jpg 100w\" sizes=\"(max-width: 720px) 100vw, 720px\" \/><\/p>\n<p><img decoding=\"async\" class=\"alignnone size-full wp-image-5065\" src=\"https:\/\/rxpulxy.com\/wp-content\/uploads\/2026\/03\/4-4.jpg\" alt=\"\" width=\"800\" height=\"800\" srcset=\"https:\/\/rxpulxy.com\/wp-content\/uploads\/2026\/03\/4-4.jpg 800w, https:\/\/rxpulxy.com\/wp-content\/uploads\/2026\/03\/4-4-300x300.jpg 300w, https:\/\/rxpulxy.com\/wp-content\/uploads\/2026\/03\/4-4-150x150.jpg 150w, https:\/\/rxpulxy.com\/wp-content\/uploads\/2026\/03\/4-4-768x768.jpg 768w, https:\/\/rxpulxy.com\/wp-content\/uploads\/2026\/03\/4-4-600x600.jpg 600w, https:\/\/rxpulxy.com\/wp-content\/uploads\/2026\/03\/4-4-100x100.jpg 100w\" sizes=\"(max-width: 800px) 100vw, 800px\" \/><\/p>\n<p><img loading=\"lazy\" decoding=\"async\" class=\"alignnone size-full wp-image-5066\" src=\"https:\/\/rxpulxy.com\/wp-content\/uploads\/2026\/03\/5-4.jpg\" alt=\"\" width=\"800\" height=\"800\" srcset=\"https:\/\/rxpulxy.com\/wp-content\/uploads\/2026\/03\/5-4.jpg 800w, https:\/\/rxpulxy.com\/wp-content\/uploads\/2026\/03\/5-4-300x300.jpg 300w, https:\/\/rxpulxy.com\/wp-content\/uploads\/2026\/03\/5-4-150x150.jpg 150w, https:\/\/rxpulxy.com\/wp-content\/uploads\/2026\/03\/5-4-768x768.jpg 768w, https:\/\/rxpulxy.com\/wp-content\/uploads\/2026\/03\/5-4-600x600.jpg 600w, https:\/\/rxpulxy.com\/wp-content\/uploads\/2026\/03\/5-4-100x100.jpg 100w\" sizes=\"(max-width: 800px) 100vw, 800px\" \/><\/p>","protected":false},"excerpt":{"rendered":"<p>Material: ABS+food grade silicone Color: purple\/rose red Size:230*68*34.5mm Function: 7-frequency rabbit head vibration\/3-frequency head swing (one- button instant explosion) Net&#8230;<\/p>","protected":false},"featured_media":5061,"comment_status":"open","ping_status":"closed","template":"","meta":[],"product_brand":[],"product_cat":[39],"product_tag":[],"class_list":{"0":"post-5060","1":"product","2":"type-product","3":"status-publish","4":"has-post-thumbnail","6":"product_cat-vibrator","8":"first","9":"instock","10":"shipping-taxable","11":"product-type-simple"},"_links":{"self":[{"href":"https:\/\/rxpulxy.com\/es\/wp-json\/wp\/v2\/product\/5060","targetHints":{"allow":["GET"]}}],"collection":[{"href":"https:\/\/rxpulxy.com\/es\/wp-json\/wp\/v2\/product"}],"about":[{"href":"https:\/\/rxpulxy.com\/es\/wp-json\/wp\/v2\/types\/product"}],"replies":[{"embeddable":true,"href":"https:\/\/rxpulxy.com\/es\/wp-json\/wp\/v2\/comments?post=5060"}],"wp:featuredmedia":[{"embeddable":true,"href":"https:\/\/rxpulxy.com\/es\/wp-json\/wp\/v2\/media\/5061"}],"wp:attachment":[{"href":"https:\/\/rxpulxy.com\/es\/wp-json\/wp\/v2\/media?parent=5060"}],"wp:term":[{"taxonomy":"product_brand","embeddable":true,"href":"https:\/\/rxpulxy.com\/es\/wp-json\/wp\/v2\/product_brand?post=5060"},{"taxonomy":"product_cat","embeddable":true,"href":"https:\/\/rxpulxy.com\/es\/wp-json\/wp\/v2\/product_cat?post=5060"},{"taxonomy":"product_tag","embeddable":true,"href":"https:\/\/rxpulxy.com\/es\/wp-json\/wp\/v2\/product_tag?post=5060"}],"curies":[{"name":"wp","href":"https:\/\/api.w.org\/{rel}","templated":true}]}}